{"id":2270,"date":"2023-08-07T09:51:35","date_gmt":"2023-08-07T09:51:35","guid":{"rendered":"https:\/\/theboardbarcelona.com\/?post_type=product&#038;p=2270"},"modified":"2025-04-16T22:10:26","modified_gmt":"2025-04-16T20:10:26","slug":"carlos-ruben-bassin-brut-salvaje","status":"publish","type":"product","link":"https:\/\/theboardbarcelona.com\/en\/product\/carlos-ruben-bassin-brut-salvaje\/","title":{"rendered":"Carlos Ruben &#8211; Bassin Brut Salvaje"},"content":{"rendered":"<p><a href=\"https:\/\/theboardbarcelona.com\/en\/product\/carlos-ruben-bassin-brut-salvaje\/attachment\/bassinbrutfichatecnica\/\"><i>Bassin Brut Ficha T\u00e9cnica<\/i><\/a><\/p>\n<p>&#8220;In B\u00e9ziers one can come across the last vestiges of the galets roul\u00e9s, the typical coarse pebbles of the Rh\u00f4ne of Ch\u00e2teauneuf-du-Pape. Here we find a beautiful white Grenache, completely different from that of Batea. Very Mediterranean, rich and mineral to the Once, the perfect pairing with the acidity of Batea, which still persisted in my mind, a blend that would be the perfect base for an elegant and sparkling Garnacha.<\/p>\n<p>Grape Variety: Grenache<\/p>\n<p>Classification: EU Varietal Wine<\/p>\n<p>Year: 2019&#8221;<\/p>\n","protected":false},"excerpt":{"rendered":"<p><em><a href=\"https:\/\/theboardbarcelona.com\/en\/product\/carlos-ruben-bassin-brut-salvaje\/attachment\/bassinbrutfichatecnica\/\" rel=\"attachment wp-att-2272\">Bassin Brut Ficha T\u00e9cnica<\/a><\/em><\/p>\n<p>&#8220;In B\u00e9ziers one can come across the last vestiges of the galets roul\u00e9s, the typical coarse pebbles of the Rh\u00f4ne of Ch\u00e2teauneuf-du-Pape. Here we find a beautiful white Grenache, completely different from that of Batea. Very Mediterranean, rich and mineral to the Once, the perfect pairing with the acidity of Batea, which still persisted in my mind, a blend that would be the perfect base for an elegant and sparkling Garnacha.<\/p>\n<p>Grape Variety: Grenache<\/p>\n<p>Classification: EU Varietal Wine<\/p>\n<p>Year: 2019&#8221;<\/p>\n<p><em>The sale of alcoholic beverages to persons under 18 years of age is prohibited in accordance with Article 12 of Law 11\/2010, of June 17, on the prevention of alcohol consumption by minors.<\/em><\/p>\n","protected":false},"featured_media":2302,"template":"","meta":[],"product_brand":[],"product_cat":[36],"product_tag":[],"class_list":{"0":"post-2270","1":"product","2":"type-product","3":"status-publish","4":"has-post-thumbnail","6":"product_cat-add-ons","8":"first","9":"instock","10":"taxable","11":"shipping-taxable","12":"purchasable","13":"product-type-simple"},"_links":{"self":[{"href":"https:\/\/theboardbarcelona.com\/en\/wp-json\/wp\/v2\/product\/2270","targetHints":{"allow":["GET"]}}],"collection":[{"href":"https:\/\/theboardbarcelona.com\/en\/wp-json\/wp\/v2\/product"}],"about":[{"href":"https:\/\/theboardbarcelona.com\/en\/wp-json\/wp\/v2\/types\/product"}],"wp:featuredmedia":[{"embeddable":true,"href":"https:\/\/theboardbarcelona.com\/en\/wp-json\/wp\/v2\/media\/2302"}],"wp:attachment":[{"href":"https:\/\/theboardbarcelona.com\/en\/wp-json\/wp\/v2\/media?parent=2270"}],"wp:term":[{"taxonomy":"product_brand","embeddable":true,"href":"https:\/\/theboardbarcelona.com\/en\/wp-json\/wp\/v2\/product_brand?post=2270"},{"taxonomy":"product_cat","embeddable":true,"href":"https:\/\/theboardbarcelona.com\/en\/wp-json\/wp\/v2\/product_cat?post=2270"},{"taxonomy":"product_tag","embeddable":true,"href":"https:\/\/theboardbarcelona.com\/en\/wp-json\/wp\/v2\/product_tag?post=2270"}],"curies":[{"name":"wp","href":"https:\/\/api.w.org\/{rel}","templated":true}]}}