{"id":20,"date":"2022-09-18T09:39:46","date_gmt":"2022-09-18T09:39:46","guid":{"rendered":"https:\/\/theboardbarcelona.com\/?page_id=20"},"modified":"2026-03-23T10:43:30","modified_gmt":"2026-03-23T09:43:30","slug":"tcs","status":"publish","type":"page","link":"https:\/\/theboardbarcelona.com\/es\/tcs\/","title":{"rendered":"T\u00e9rminos y condiciones"},"content":{"rendered":"<div data-elementor-type=\"wp-page\" data-elementor-id=\"20\" class=\"elementor elementor-20\" data-elementor-post-type=\"page\">\n\t\t\t\t\t\t<section class=\"elementor-section elementor-top-section elementor-element elementor-element-3d6eeba0 elementor-section-boxed elementor-section-height-default elementor-section-height-default\" data-id=\"3d6eeba0\" data-element_type=\"section\" data-e-type=\"section\">\n\t\t\t\t\t\t<div class=\"elementor-container elementor-column-gap-default\">\n\t\t\t\t\t<div class=\"elementor-column elementor-col-100 elementor-top-column elementor-element elementor-element-40a4a40\" data-id=\"40a4a40\" data-element_type=\"column\" data-e-type=\"column\">\n\t\t\t<div class=\"elementor-widget-wrap elementor-element-populated\">\n\t\t\t\t\t\t<div class=\"elementor-element elementor-element-6deafe2 elementor-widget elementor-widget-heading\" data-id=\"6deafe2\" data-element_type=\"widget\" data-e-type=\"widget\" data-widget_type=\"heading.default\">\n\t\t\t\t<div class=\"elementor-widget-container\">\n\t\t\t\t\t<h2 class=\"elementor-heading-title elementor-size-default\">T\u00e9rminos y Condiciones Generales<\/h2>\t\t\t\t<\/div>\n\t\t\t\t<\/div>\n\t\t\t\t<div class=\"elementor-element elementor-element-3df511b6 elementor-widget__width-initial elementor-widget elementor-widget-text-editor\" data-id=\"3df511b6\" data-element_type=\"widget\" data-e-type=\"widget\" data-widget_type=\"text-editor.default\">\n\t\t\t\t<div class=\"elementor-widget-container\">\n\t\t\t\t\t\t\t\t\t<p><strong>LEA TODOS LOS T\u00c9RMINOS Y CONDICIONES ANTES DE CONFIRMAR SU PEDIDO CON THE BOARD CATERING COMPANY S.L. AL CONFIRMAR SU PEDIDO, USTED ACEPTA NUESTROS T\u00c9RMINOS Y CONDICIONES GENERALES.<\/strong><\/p><h2><strong><span style=\"text-decoration: underline;\">\u00cdndice<\/span><\/strong><\/h2><ol><li>Introducci\u00f3n<\/li><li>Pol\u00edtica de Entrega y Recogida<\/li><li>Pol\u00edtica de Confirmaci\u00f3n de Pedidos<\/li><li>Pol\u00edtica de Devoluciones y Proceso de Reembolso<\/li><li>Cancelaciones, Cambios y Reembolsos<\/li><li>T\u00e9rminos de Pago<\/li><li>Servicios Especiales<\/li><li>Al\u00e9rgenos y Requisitos Diet\u00e9ticos<\/li><li>L\u00edmites de Responsabilidad<\/li><li>Ley Aplicable<\/li><li>Informaci\u00f3n de Contacto<\/li><li>Cambios en los T\u00e9rminos y Condiciones<\/li><li>Redes Sociales<\/li><li>Secciones Adicionales Importantes<\/li><li>Pol\u00edtica de Privacidad<\/li><li>Fuerza Mayor<\/li><li>Propiedad Intelectual<\/li><li>Divisibilidad<\/li><li>Comercio electr\u00f3nico<\/li><\/ol><div>\u00a0<\/div><h2><strong><u>1, INTRODUCCI\u00d3N<\/u><\/strong><\/h2><p>Bienvenido a THE BOARD CATERING COMPANY S.L. Nuestros t\u00e9rminos y condiciones rigen el uso de nuestros servicios y productos. Al realizar un pedido con nosotros, acepta estos t\u00e9rminos y condiciones, as\u00ed como nuestra pol\u00edtica de entrega y recogida.<\/p><h2><strong><u>2. POL\u00cdTICA DE ENTREGA Y RECOGIDA<\/u><\/strong><\/h2><p><a href=\"https:\/\/theboardbarcelona.com\/es\/delivery\/\" target=\"_blank\" rel=\"noopener\"><b>Haz clic aqu\u00ed para leer nuestra Pol\u00edtica completa de Entrega y Recogida.\u00a0<\/b>\u00a0<\/a><br \/><strong><br \/>OPCIONES DE ENTREGA<\/strong><\/p><p>Ofrecemos servicios de entrega a trav\u00e9s de un proveedor de confianza dentro de la Ciudad Metropolitana de Barcelona, de martes a viernes entre las 10:00 y las 19:00, y los s\u00e1bados seg\u00fan disponibilidad.<\/p><p><b>Entrega Est\u00e1ndar:<\/b><\/p><ul><li>Ma\u00f1ana: mi\u00e9rcoles a viernes, 10:00-14:00<\/li><li>Tarde: martes a viernes, 15h-19h<\/li><li>S\u00e1bados seg\u00fan disponibilidad (ver calendario al comprar online, o consultar v\u00eda email o tel\u00e9fono)<\/li><\/ul><div>\u00a0<\/div><p><b>Entrega en Hora Espec\u00edfica: <\/b><\/p><ul><li>Entrega en un momento espec\u00edfico con un cargo adicional. Especifique en las notas del pedido una franja de una hora (por ejemplo, 15:00 \u2013 16:00).<\/li><\/ul><div>\u00a0<\/div><p><b>Entrega Fuera de Horario: <\/b><\/p><ul><li>Disponible bajo petici\u00f3n para circunstancias excepcionales, seg\u00fan disponibilidad.<\/li><\/ul><div>\u00a0<\/div><p><b>Entrega Fuera de Barcelona Ciudad: <\/b><\/p><ul><li>Disponible bajo petici\u00f3n para circunstancias excepcionales, seg\u00fan disponibilidad.<\/li><\/ul><div>\u00a0<\/div><p><strong>Cargos por Entrega:<\/strong><\/p><ul><li>Standard Delivery: A Partir De \u20ac15,00<span style=\"font-weight: bold;\">*<\/span><\/li><li>Hora Espec\u00edfica: \u20ac60,00<b>*<\/b><\/li><li>Entrega fuera de nuestro horario normal (coste adicional, a\u00f1adido al coste de entrega):<ul><li>Est\u00e1ndar: 45,00\u20ac<b>*<\/b><\/li><li>Hora Espec\u00edfica: 90,00\u20ac<b>*<\/b><\/li><\/ul><\/li><\/ul><ul><li>Entrega Fuera de Barcelona Ciudad:<ul><li>Por determinar y revisado caso por caso, basado en los costes de la empresa de reparto externa.<\/li><li>Si se requiere servicio de montaje por parte nuestro equipo, se cobrar\u00e1 la tarifa base de entrega + 1,75\u20ac por KM, ida y vuelta<\/li><li>Hora espec\u00edfica: \u20ac60,00<span style=\"font-weight: bold;\">*<\/span> + Tarifa de Entrega + 1,75\u20ac por KM, ida y vuelta<\/li><\/ul><\/li><\/ul><div>\u00a0<\/div><div><strong>*<\/strong><em>La tarifa base de entrega puede variar para pedidos de gran volumen en funci\u00f3n de los cargos adicionales aplicados por la empresa de reparto externa (por ejemplo, dos o m\u00e1s cajas grandes, gran cantidad de botellas de vino, etc.)<\/em><\/div><div>\u00a0<\/div><p><strong>Entregas de Regalo:<\/strong><\/p><ul><li><a href=\"https:\/\/theboardbarcelona.com\/es\/delivery\/\" target=\"_blank\" rel=\"noopener\"><u>Consulta nuestra Pol\u00edtica completa de Entrega y Recogida para m\u00e1s detalles.<\/u><\/a><\/li><\/ul><div>\u00a0<\/div><p><strong>Entregas para Eventos:<\/strong><\/p><ul><li>Proporcione los datos de contacto de la persona que recibir\u00e1 la entrega.<\/li><\/ul><div>\u00a0<\/div><p><strong>Entregas con Servicios Adicionales:<\/strong><\/p><ul><li>Nuestro equipo estar\u00e1 en el lugar durante el per\u00edodo especificado seg\u00fan la confirmaci\u00f3n del pedido y la factura.<\/li><li>El tiempo adicional debido a retrasos imprevistos se facturar\u00e1 por separado.<\/li><\/ul><div>\u00a0<\/div><div>\u00a0<\/div><p><span style=\"text-decoration: underline;\"><strong>OPCIONES DE RECOGIDA<\/strong><\/span><\/p><p>No hay cargos por recogida.<\/p><p>Ubicaci\u00f3n: Calle de Descartes, Barcelona 08006<\/p><div><ul><li><a href=\"https:\/\/theboardbarcelona.com\/es\/delivery\/\" target=\"_blank\" rel=\"noopener\"><u>Consulta nuestra Pol\u00edtica completa de Entrega y Recogida para m\u00e1s detalles.<\/u><\/a><\/li><\/ul><p><span style=\"font-size: 16px;\">\u00a0<\/span><\/p><\/div><h2><strong><u>3. POL\u00cdTICA DE CONFIRMACI\u00d3N DE PEDIDOS<\/u><\/strong><\/h2><p><strong>Proceso de Pedido:<\/strong> Los pedidos pueden realizarse a trav\u00e9s de nuestro sitio web, Instagram, por tel\u00e9fono, WhatsApp o correo electr\u00f3nico. Aseg\u00farese de que todos los detalles sean correctos y est\u00e9n acordados antes de confirmar su pedido.<\/p><p><strong>Confirmaci\u00f3n de Pedido:<\/strong> Un pedido confirmado significa que THE BOARD CATERING COMPANY S.L. se compromete a proporcionarle sus servicios y productos, y usted se compromete a pagar por los servicios y productos en su totalidad.<u><\/u><\/p><ul><li><p><span style=\"background-color: var( --e-global-color-primary ); color: var( --e-global-color-text ); font-size: 1rem;\"><u>Los pedidos en l\u00ednea<\/u> se pagan en su totalidad al menos 48 horas antes de la hora seleccionada en el proceso de compra.<\/span><\/p><\/li><li><p><u>Pedidos realizados por correo electr\u00f3nico:<\/u> Deben pagarse en su totalidad al menos 48 horas antes del evento para ser confirmados.<\/p><\/li><li><p><u>Pedidos grandes realizados por correo electr\u00f3nico (eventos con m\u00e1s de 20 personas):<\/u> Deben pagarse en su totalidad al menos 72 horas antes del evento para ser confirmados.<\/p><\/li><\/ul><div>\u00a0<\/div><p><b>Los pedidos no est\u00e1n garantizados hasta que se haya completado el pago.<\/b><\/p><p>Para garantizar disponibilidad para tu evento, recomendamos completar el pago lo antes posible. Aconsejamos realizar los pedidos con al menos una semana de antelaci\u00f3n (preferiblemente dos semanas) para asegurar la fecha y los productos deseados. Como somos un equipo peque\u00f1o con alta demanda, no podemos garantizar disponibilidad hasta que se reciba el pago y el pedido sea confirmado.<\/p><p><b>Hay cuatro formas de confirmar pedidos con THE BOARD CATERING COMPANY S.L.:<\/b><\/p><ol><li><p>Pago recibido en su totalidad mediante tarjeta de cr\u00e9dito\/d\u00e9bito o transferencia bancaria.<\/p><\/li><li><p>Presupuesto aceptado a trav\u00e9s de nuestro sistema de emisi\u00f3n de presupuestos, Holded, seguido del pago.<\/p><\/li><li><p>Pago anticipado del 50% para pedidos realizados al menos dos meses antes o en pedidos superiores a 500,00 \u20ac. El pago final vence dos semanas antes de la fecha del evento.<\/p><\/li><li><p>Factura emitida con arreglos de pago alternativos.<\/p><\/li><\/ol><div>\u00a0<\/div><p><strong>Pedidos no Cumplidos:<\/strong> Si no podemos cumplir con un pedido, se le notificar\u00e1 y se le ofrecer\u00e1 una alternativa o un reembolso completo.<\/p><h5><strong><u>\u00a0<\/u><\/strong><\/h5><h2><strong><u>4. POL\u00cdTICA DE DEVOLUCIONES Y PROCESO DE REEMBOLSO<\/u><\/strong><\/h2><p>No se aceptan devoluciones de productos perecederos. Notif\u00edquenos dentro de los 30 minutos posteriores a la entrega o recogida por cualquier problema.<\/p><p>Reembolsos por productos incorrectos o defectuosos procesados despu\u00e9s de la verificaci\u00f3n.<\/p><h5><strong><u>\u00a0<\/u><\/strong><\/h5><h2><strong><u>5. CANCELACIONES, CAMBIOS Y REEMBOLSOS<\/u><\/strong><\/h2><p><strong>Pol\u00edtica de Cancelaci\u00f3n:<\/strong><\/p><ul><li><p>Cancelaciones por correo electr\u00f3nico al menos dos meses antes de la fecha de entrega\/recogida para un reembolso completo, nos reservamos el derecho de retener 10,00 \u20ac (tarifa administrativa).<\/p><\/li><li><p>Cancelaciones con menos de dos meses pero al menos 14 d\u00edas de antelaci\u00f3n consideradas caso por caso para un reembolso completo, nos reservamos el derecho de retener 60,00 \u20ac (tarifa administrativa m\u00e1s penalizaci\u00f3n por reserva de fecha).<\/p><\/li><li><p>Cancelaciones con menos de 14 d\u00edas de antelaci\u00f3n consideradas pero no garantizadas debido a la naturaleza perecedera de nuestros productos. En caso de que se apruebe un reembolso, nos reservamos el derecho de retener 110,00 \u20ac (tarifa administrativa m\u00e1s penalizaci\u00f3n por reserva de fecha).<\/p><\/li><li><p>Las cancelaciones con menos de 48 horas de antelaci\u00f3n no ser\u00e1n consideradas. Consulta la pol\u00edtica de Fuerza Mayor a continuaci\u00f3n.<\/p><\/li><\/ul><div>\u00a0<\/div><p><strong>Pol\u00edtica de Cambios:<\/strong><\/p><ul><li><p>Los cambios podr\u00e1n solicitarse hasta 7 d\u00edas antes de la fecha de entrega o recogida, sujetos a disponibilidad y previa aprobaci\u00f3n por escrito.<\/p><\/li><li><p>Requests made within 7 days of the delivery\/collection date are considered on a case-by-case basis and may not be possible. Any reductions in order value will follow our Cancellation Policy.<\/p><\/li><li><p>Los cambios solicitados dentro de las 48 horas previas a la fecha de entrega o recogida no podr\u00e1n ser atendidos. Las cancelaciones dentro de este plazo no se aceptan (consulta la pol\u00edtica de Fuerza Mayor).<\/p><\/li><li>Los incrementos en el pedido est\u00e1n sujetos a disponibilidad y se rigen por nuestra Pol\u00edtica de Confirmaci\u00f3n de Pedido.<\/li><\/ul><div>\u00a0<\/div><h2><strong><u>6. T\u00c9RMINOS DE PAGO<\/u><\/strong><\/h2><ul><li><p><strong>M\u00e9todos de Pago:<\/strong> Aceptamos pagos mediante tarjeta de d\u00e9bito\/cr\u00e9dito o transferencia bancaria con prueba de transferencia.<\/p><\/li><li><p><strong>Pago por Adelantado:<\/strong> Se requiere el pago por adelantado en su totalidad para confirmar su pedido. Pueden acordarse arreglos alternativos en circunstancias excepcionales.<\/p><\/li><li><p><strong>Costos Adicionales:<\/strong> Los costos adicionales como tarifas de espera o tiempos de entrega espec\u00edficos se comunicar\u00e1n y facturar\u00e1n por separado.<\/p><\/li><\/ul><div>\u00a0<\/div><div>\u00a0<\/div><h2><strong><u>7. SERVICIOS ESPECIALES<\/u><\/strong><\/h2><p>Ofrecemos servicios adicionales bajo petici\u00f3n:<\/p><ul><li><strong>Servicio de Apertura de Cajas:<\/strong> Nuestro equipo acompa\u00f1ar\u00e1 la entrega, abrir\u00e1 las cajas, colocar\u00e1 los productos en una mesa que usted proporcione y hasta 30 minutos de tiempo en el lugar (a menos que se indique lo contrario en la confirmaci\u00f3n del pedido y la factura).<\/li><li><strong>Decoraciones:<\/strong> Incluye apertura de cajas, configuraci\u00f3n de productos en una mesa que usted proporcione, decoraciones florales y hasta 60 minutos de tiempo en el lugar (a menos que se indique lo contrario en la confirmaci\u00f3n del pedido y la factura).<\/li><li><strong>Decoraciones Premium:<\/strong> Incluye apertura de cajas, configuraci\u00f3n de productos en una mesa que usted proporcione, flores premium y hasta 90 minutos de tiempo en el lugar (a menos que se indique lo contrario en la confirmaci\u00f3n del pedido y la factura).<\/li><\/ul><div>\u00a0<\/div><p><strong>Tarifas de Espera: <\/strong>Tiempo adicional en el lugar debido a circunstancias fuera de nuestro control se factura a 36,00 \u20ac por hora, por miembro del equipo, en incrementos de 30 minutos.<\/p><p><strong>Retrasos del Cliente: <\/strong>Los retrasos se manejan caso por caso. Cont\u00e1ctenos inmediatamente al +34 747 433 146.<\/p><h5><strong><u>\u00a0<\/u><\/strong><\/h5><h2><strong><u>8. AL\u00c9RGENOS Y REQUISITOS DIET\u00c9TICOS<\/u><\/strong><\/h2><p>Notif\u00edquenos de cualquier alergia o necesidad diet\u00e9tica antes de confirmar su pedido. Debido a los riesgos de contaminaci\u00f3n cruzada, no podemos garantizar que los productos est\u00e9n completamente libres de trazas de los 16 al\u00e9rgenos principales listados a continuaci\u00f3n:<\/p><p style=\"padding-left: 40px;\"><em>Apio, cereales que contienen gluten (incluidos trigo, centeno, cebada y avena), crust\u00e1ceos, huevos, pescado, altramuz, leche, moluscos, mostaza, frutos secos (incluidos almendras, avellanas, nueces, nueces de Brasil, anacardos, pacanas, pistachos y nueces de macadamia), cacahuetes, semillas de s\u00e9samo, soja, di\u00f3xido de azufre y sulfitos.<\/em><\/p><p>Se proporciona un aviso de al\u00e9rgenos con cada pedido y es su responsabilidad asegurar la visibilidad de estos avisos al servir nuestra comida.<\/p><p>THE BOARD CATERING COMPANY S.L. no se hace responsable de ninguna reacci\u00f3n adversa a nuestros alimentos si no hemos sido advertidos de cualquier alergia o requerimiento diet\u00e9tico en el proceso de reserva.<\/p><h5><strong><u>\u00a0<\/u><\/strong><\/h5><h2><strong><u>9. L\u00cdMITES DE RESPONSABILIDAD<\/u><\/strong><\/h2><p>No somos responsables por da\u00f1os o p\u00e9rdidas debido a la comida servida, incluidas cuestiones de salud. Al consumir nuestra comida, acepta estos riesgos.<\/p><p><strong>Aseguramiento de Calidad:<\/strong> Nuestros productos se preparan en una cocina profesional totalmente licenciada, siguiendo todas las regulaciones y directrices legales en el proceso. Nuestra garant\u00eda es que cumple con los est\u00e1ndares alimentarios de la UE y Espa\u00f1a.<\/p><p>Se proporciona un aviso de seguridad alimentaria, sobre c\u00f3mo cuidar su pedido, con cada pedido y es su responsabilidad asegurarse de seguir estas directrices. Deseche la comida si se mantiene sin refrigerar por m\u00e1s de 4 horas.<\/p><h5><strong><u>\u00a0<\/u><\/strong><\/h5><h2><strong><u>10. LEY APLICABLE<\/u><\/strong><\/h2><p>Estos T\u00e9rminos y Condiciones se rigen por las leyes de Espa\u00f1a. Cualquier disputa se resolver\u00e1 bajo la jurisdicci\u00f3n espa\u00f1ola.<\/p><h5><strong><u>\u00a0<\/u><\/strong><\/h5><h2><strong><u>11. INFORMACI\u00d3N DE CONTACTO<\/u><\/strong><\/h2><p>Para consultas o problemas, cont\u00e1ctenos en info@theboardbarcelona.com o ll\u00e1menos al +34 747 433 146.<\/p><h5><strong><u>\u00a0<\/u><\/strong><\/h5><h2><strong><u>12. CAMBIOS EN LOS T\u00c9RMINOS Y CONDICIONES GENERALES<\/u><\/strong><\/h2><p>Nos reservamos el derecho de modificar estos T\u00e9rminos y Condiciones en cualquier momento. Los clientes con pedidos activos ser\u00e1n notificados de cambios significativos por correo electr\u00f3nico.<\/p><p>ESTOS T\u00c9RMINOS Y CONDICIONES ACTUALES SE APLICAN A TODOS LOS PEDIDOS A PARTIR DEL 04\/06\/2024. Todas las versiones de nuestros T\u00e9rminos y Condiciones se almacenan y datan. Por favor, escr\u00edbanos si necesita una versi\u00f3n anterior.<\/p><h5><strong><u>\u00a0<\/u><\/strong><\/h5><h2><strong><u>1<\/u><\/strong><strong style=\"color: inherit;\"><u>3. MEDIA<\/u><\/strong><\/h2><p><strong>Uso de Im\u00e1genes:<\/strong> A menos que se solicite lo contrario, nos reservamos el derecho de usar im\u00e1genes tomadas en eventos en nuestras plataformas de redes sociales.<\/p><p><strong>Uso de Logotipos de Clientes:<\/strong> A menos que se indique lo contrario, asumimos que aprueba el uso de su logotipo de empresa en plataformas p\u00fablicas, como en nuestro sitio web.<\/p><h5><strong><u>\u00a0<\/u><\/strong><\/h5><h2><strong><u>14. SECCIONES ADICIONALES IMPORTANTES<\/u><\/strong><\/h2><p><strong>Productos Estacionales y Disponibilidad de Proveedores:<\/strong> Los productos y guarniciones est\u00e1n sujetos a disponibilidad y sustituciones.<\/p><p><strong>Tipo de Servicio:<\/strong> No ofrecemos servicios de catering completos. Usted es responsable de proporcionar una superficie adecuada para la instalaci\u00f3n. Como no somos un proveedor de catering completo, no proporcionamos los siguientes servicios (a menos que se confirme por escrito en una factura de evento):<\/p><ul><li>Mesas<\/li><li>Manteles<\/li><li>Abridores de botellas de vino<\/li><li>Cubitera<\/li><li>Hielo<\/li><li>Personal de servicio\/Camareros<\/li><li>Servicios de limpieza<\/li><li>O cualquier otro servicio adem\u00e1s de lo que est\u00e1 escrito expl\u00edcitamente en la factura.<\/li><\/ul><div>\u00a0<\/div><p>Si necesita servicios adicionales, cont\u00e1ctenos directamente y lo pondremos en contacto con uno de nuestros proveedores de confianza.<\/p><p><strong>Personal:<\/strong> Los servicios de instalaci\u00f3n requieren un miembro del equipo en el lugar durante una duraci\u00f3n determinada. El tiempo adicional se factura por separado.<\/p><p><strong>Art\u00edculos Prestados:<\/strong> Alquiler de equipos seg\u00fan lo indicado en su confirmaci\u00f3n de pedido y factura. Se emitir\u00e1n facturas adicionales por el servicio de alquiler extendido.<\/p><p>El equipo de alquiler que se da\u00f1e, rompa o no se devuelva a The Board Barcelona resultar\u00e1 en un cargo m\u00ednimo de 200,00 \u20ac y hasta el monto equivalente para cubrir el costo original de cada art\u00edculo.<\/p><p>Todos los art\u00edculos prestados ser\u00e1n devueltos de manera oportuna en el momento indicado en la confirmaci\u00f3n del pedido y la factura, a menos que se acuerde lo contrario por escrito.<\/p><h5><strong><u>\u00a0<\/u><\/strong><\/h5><h2><strong><u>15. POL\u00cdTICA DE PRIVACIDAD<\/u><\/strong><\/h2><p>Respetamos su privacidad. Los datos personales recopilados durante el proceso de pedido se utilizan \u00fanicamente para cumplir con los pedidos y proporcionar servicio al cliente.<\/p><p><a href=\"https:\/\/theboardbarcelona.com\/es\/privacy-policy\/\">http:\/\/https:\/\/theboardbarcelona.com\/en\/privacy-policy\/<\/a><\/p><h5><strong><u>\u00a0<\/u><\/strong><\/h5><h2><strong><u>16. FUERZA MAYOR<\/u><\/strong><\/h2><p>No seremos responsables por retrasos o incumplimientos derivados de circunstancias fuera de nuestro control razonable, incluyendo, entre otras, desastres naturales, condiciones meteorol\u00f3gicas extremas, huelgas, interrupciones del transporte, restricciones gubernamentales, actos de terrorismo, emergencias sanitarias u otros acontecimientos imprevisibles de car\u00e1cter grave (en adelante, \u201cSupuestos de Fuerza Mayor\u201d).<\/p><p>Debido a la naturaleza perecedera de nuestros productos y a que los ingredientes se adquieren y preparan espec\u00edficamente para cada encargo, as\u00ed como al bloqueo de agenda y recursos para la fecha del evento, no se admiten cancelaciones una vez confirmado el pedido.<\/p><p>En caso de producirse un Supuesto de Fuerza Mayor u otras circunstancias ajenas al control de cualquiera de las partes, no proceder\u00e1n cancelaciones ni reembolsos.<\/p><p>No obstante, y a nuestra exclusiva discreci\u00f3n, podr\u00e1 valorarse de manera excepcional un cambio de fecha al d\u00eda siguiente \u00fanicamente cuando:<\/p><ul><li>Los productos se mantengan en perfecto estado y sean aptos para el consumo,<\/li><li>El cambio sea log\u00edsticamente viable,<\/li><li>No se generen costes adicionales de producci\u00f3n.<\/li><\/ul><p>En caso de cancelaci\u00f3n del evento por cualquier motivo, el pedido se considerar\u00e1 igualmente realizado y deber\u00e1:<\/p><ul><li>Entregarse seg\u00fan lo acordado (siempre que sea seguro y legalmente posible hacerlo), o<\/li><li>Recogerse en el lugar y horario que se acuerde.<\/li><\/ul><p>La negativa a aceptar la entrega o a organizar la recogida no dar\u00e1 derecho a reembolso ni cr\u00e9dito alguno.<\/p><p>Recomendamos encarecidamente la contrataci\u00f3n de un seguro de evento que cubra posibles imprevistos.<\/p><p><strong>\u00a0<\/strong><\/p><h2><strong><u>17. PROPIEDAD INTELECTUAL<\/u><\/strong><\/h2><p>Toda la propiedad intelectual, incluidos logotipos e im\u00e1genes, sigue siendo propiedad de THE BOARD CATERING COMPANY S.L. El uso no autorizado est\u00e1 prohibido.<\/p><p>THE BOARD BARCELONA GATHER &amp; GRAZE es una MARCA REGISTRADA nacional en Espa\u00f1a desde 2023.<\/p><p>Esto incluye copiar o reproducir nuestra exhibici\u00f3n de productos sin comprar nuestros servicios.<\/p><h5><strong><u>\u00a0<\/u><\/strong><\/h5><h2><strong><u>18. DIVISIBILIDAD<\/u><\/strong><\/h2><p>Si alguna parte de estos T\u00e9rminos y Condiciones se considera inv\u00e1lida o inaplicable, las disposiciones restantes continuar\u00e1n en vigor.<\/p><h5><strong><u>\u00a0<\/u><\/strong><\/h5><h2><strong><u>19. COMERCIO ELECTR\u00d3NICO<\/u><\/strong><\/h2><p><strong>Ley de Servicios de la Sociedad de la Informaci\u00f3n y Comercio Electr\u00f3nico (34\/2002 de 11 de julio)<\/strong><\/p><p><strong>Art\u00edculo 10 Informaci\u00f3n general<\/strong><\/p><p>Sin perjuicio de los requisitos que en materia de informaci\u00f3n se establecen en la normativa vigente, el prestador de servicios de la sociedad de la informaci\u00f3n estar\u00e1 obligado a disponer de los medios que permitan, tanto a los destinatarios del servicio como a los \u00f3rganos competentes, acceder por medios electr\u00f3nicos, de forma permanente, f\u00e1cil, directa y gratuita, a la siguiente informaci\u00f3n:<\/p><ul><li><strong>- THE BOARD CARTING COMPANY S.L.<\/strong><\/li><li><strong>- B72457153<\/strong><\/li><\/ul><p>Este comerciante se compromete a no permitir ninguna transacci\u00f3n que sea ilegal, o se considere por las marcas de tarjetas de cr\u00e9dito o el banco adquiriente, que pueda o tenga el potencial de da\u00f1ar la buena voluntad de los mismos o influir de manera negativa en ellos. Las siguientes actividades est\u00e1n prohibidas en virtud de los programas de las marcas de tarjetas: la venta u oferta de un producto o servicio que no sea de plena conformidad con todas las leyes aplicables al Comprador, Banco Emisor, Comerciante, Titular de la tarjeta, o tarjetas.<\/p><p>\u00a0<\/p><p>Adem\u00e1s, las siguientes actividades tambi\u00e9n est\u00e1n prohibidas expl\u00edcitamente:<\/p><ul><li><strong>Venta de bebidas alcoh\u00f3licas a menores de 18 a\u00f1os.<\/strong><\/li><\/ul>\t\t\t\t\t\t\t\t<\/div>\n\t\t\t\t<\/div>\n\t\t\t\t<div class=\"elementor-element elementor-element-65bb045 elementor-widget elementor-widget-spacer\" data-id=\"65bb045\" data-element_type=\"widget\" data-e-type=\"widget\" data-widget_type=\"spacer.default\">\n\t\t\t\t<div class=\"elementor-widget-container\">\n\t\t\t\t\t\t\t<div class=\"elementor-spacer\">\n\t\t\t<div class=\"elementor-spacer-inner\"><\/div>\n\t\t<\/div>\n\t\t\t\t\t\t<\/div>\n\t\t\t\t<\/div>\n\t\t\t\t\t<\/div>\n\t\t<\/div>\n\t\t\t\t\t<\/div>\n\t\t<\/section>\n\t\t\t\t<section class=\"elementor-section elementor-top-section elementor-element elementor-element-4b2094f elementor-section-boxed elementor-section-height-default elementor-section-height-default\" data-id=\"4b2094f\" data-element_type=\"section\" data-e-type=\"section\" data-settings=\"{&quot;background_background&quot;:&quot;classic&quot;}\">\n\t\t\t\t\t\t<div class=\"elementor-container elementor-column-gap-default\">\n\t\t\t\t\t<div class=\"elementor-column elementor-col-100 elementor-top-column elementor-element elementor-element-5187f03\" data-id=\"5187f03\" data-element_type=\"column\" data-e-type=\"column\">\n\t\t\t<div class=\"elementor-widget-wrap elementor-element-populated\">\n\t\t\t\t\t\t<div class=\"elementor-element elementor-element-1db3340 elementor-widget elementor-widget-spacer\" data-id=\"1db3340\" data-element_type=\"widget\" data-e-type=\"widget\" data-widget_type=\"spacer.default\">\n\t\t\t\t<div class=\"elementor-widget-container\">\n\t\t\t\t\t\t\t<div class=\"elementor-spacer\">\n\t\t\t<div class=\"elementor-spacer-inner\"><\/div>\n\t\t<\/div>\n\t\t\t\t\t\t<\/div>\n\t\t\t\t<\/div>\n\t\t\t\t\t<\/div>\n\t\t<\/div>\n\t\t\t\t\t<\/div>\n\t\t<\/section>\n\t\t\t\t<\/div>","protected":false},"excerpt":{"rendered":"<p>General Terms and Conditions PLEASE READ ALL TERMS AND CONDITIONS BEFORE CONFIRMING YOUR ORDER WITH THE BOARD CATERING COMPANY S.L. BY CONFIRMING YOUR ORDER YOU AGREE TO OUR GENERAL TERMS &amp; CONDITIONS. Table of Contents Introduction Delivery &amp; Collection Policy Order Confirmation Policy Returns Policy and Refund Process Cancellations, Changes and Refunds Payment Terms Special [&hellip;]<\/p>\n","protected":false},"author":1,"featured_media":0,"parent":0,"menu_order":0,"comment_status":"closed","ping_status":"closed","template":"","meta":{"_mc_calendar":[],"footnotes":""},"class_list":["post-20","page","type-page","status-publish","hentry"],"_links":{"self":[{"href":"https:\/\/theboardbarcelona.com\/es\/wp-json\/wp\/v2\/pages\/20","targetHints":{"allow":["GET"]}}],"collection":[{"href":"https:\/\/theboardbarcelona.com\/es\/wp-json\/wp\/v2\/pages"}],"about":[{"href":"https:\/\/theboardbarcelona.com\/es\/wp-json\/wp\/v2\/types\/page"}],"author":[{"embeddable":true,"href":"https:\/\/theboardbarcelona.com\/es\/wp-json\/wp\/v2\/users\/1"}],"replies":[{"embeddable":true,"href":"https:\/\/theboardbarcelona.com\/es\/wp-json\/wp\/v2\/comments?post=20"}],"version-history":[{"count":5,"href":"https:\/\/theboardbarcelona.com\/es\/wp-json\/wp\/v2\/pages\/20\/revisions"}],"predecessor-version":[{"id":11932,"href":"https:\/\/theboardbarcelona.com\/es\/wp-json\/wp\/v2\/pages\/20\/revisions\/11932"}],"wp:attachment":[{"href":"https:\/\/theboardbarcelona.com\/es\/wp-json\/wp\/v2\/media?parent=20"}],"curies":[{"name":"wp","href":"https:\/\/api.w.org\/{rel}","templated":true}]}}