{"id":2960,"date":"2023-12-04T10:10:32","date_gmt":"2023-12-04T10:10:32","guid":{"rendered":"https:\/\/theboardbarcelona.com\/?page_id=2960"},"modified":"2025-10-08T22:20:12","modified_gmt":"2025-10-08T20:20:12","slug":"who-we-are","status":"publish","type":"page","link":"https:\/\/theboardbarcelona.com\/es\/who-we-are\/","title":{"rendered":"Qui\u00e9nes Somos"},"content":{"rendered":"<div data-elementor-type=\"wp-page\" data-elementor-id=\"2960\" class=\"elementor elementor-2960\" data-elementor-post-type=\"page\">\n\t\t\t\t\t\t<section class=\"elementor-section elementor-top-section elementor-element elementor-element-4799e2f elementor-section-boxed elementor-section-height-default elementor-section-height-default\" data-id=\"4799e2f\" data-element_type=\"section\" data-e-type=\"section\">\n\t\t\t\t\t\t<div class=\"elementor-container elementor-column-gap-default\">\n\t\t\t\t\t<div class=\"elementor-column elementor-col-100 elementor-top-column elementor-element elementor-element-02fdb7b\" data-id=\"02fdb7b\" data-element_type=\"column\" data-e-type=\"column\">\n\t\t\t<div class=\"elementor-widget-wrap elementor-element-populated\">\n\t\t\t\t\t\t<div class=\"elementor-element elementor-element-a48c5b3 e-transform elementor-widget elementor-widget-heading\" data-id=\"a48c5b3\" data-element_type=\"widget\" data-e-type=\"widget\" data-settings=\"{&quot;_transform_translateX_effect&quot;:{&quot;unit&quot;:&quot;px&quot;,&quot;size&quot;:&quot;&quot;,&quot;sizes&quot;:[]},&quot;_transform_translateX_effect_tablet&quot;:{&quot;unit&quot;:&quot;px&quot;,&quot;size&quot;:&quot;&quot;,&quot;sizes&quot;:[]},&quot;_transform_translateX_effect_mobile&quot;:{&quot;unit&quot;:&quot;px&quot;,&quot;size&quot;:&quot;&quot;,&quot;sizes&quot;:[]},&quot;_transform_translateY_effect&quot;:{&quot;unit&quot;:&quot;px&quot;,&quot;size&quot;:&quot;&quot;,&quot;sizes&quot;:[]},&quot;_transform_translateY_effect_tablet&quot;:{&quot;unit&quot;:&quot;px&quot;,&quot;size&quot;:&quot;&quot;,&quot;sizes&quot;:[]},&quot;_transform_translateY_effect_mobile&quot;:{&quot;unit&quot;:&quot;px&quot;,&quot;size&quot;:&quot;&quot;,&quot;sizes&quot;:[]}}\" data-widget_type=\"heading.default\">\n\t\t\t\t<div class=\"elementor-widget-container\">\n\t\t\t\t\t<h2 class=\"elementor-heading-title elementor-size-default\">Qui\u00e9nes Somos<\/h2>\t\t\t\t<\/div>\n\t\t\t\t<\/div>\n\t\t\t\t\t<\/div>\n\t\t<\/div>\n\t\t\t\t\t<\/div>\n\t\t<\/section>\n\t\t\t\t<section class=\"elementor-section elementor-top-section elementor-element elementor-element-9931995 elementor-section-boxed elementor-section-height-default elementor-section-height-default\" data-id=\"9931995\" data-element_type=\"section\" data-e-type=\"section\" data-settings=\"{&quot;background_background&quot;:&quot;classic&quot;}\">\n\t\t\t\t\t\t<div class=\"elementor-container elementor-column-gap-default\">\n\t\t\t\t\t<div class=\"elementor-column elementor-col-50 elementor-top-column elementor-element elementor-element-cb763de\" data-id=\"cb763de\" data-element_type=\"column\" data-e-type=\"column\">\n\t\t\t<div class=\"elementor-widget-wrap elementor-element-populated\">\n\t\t\t\t\t\t<div class=\"elementor-element elementor-element-8cf3706 elementor-widget__width-initial elementor-widget elementor-widget-image\" data-id=\"8cf3706\" data-element_type=\"widget\" data-e-type=\"widget\" data-widget_type=\"image.default\">\n\t\t\t\t<div class=\"elementor-widget-container\">\n\t\t\t\t\t\t\t\t\t\t\t\t\t\t\t<img loading=\"lazy\" decoding=\"async\" width=\"683\" height=\"1024\" src=\"https:\/\/theboardbarcelona.com\/wp-content\/uploads\/2025\/03\/Theboardbcn-85-683x1024.jpg\" class=\"attachment-large size-large wp-image-7307\" alt=\"\" srcset=\"https:\/\/theboardbarcelona.com\/wp-content\/uploads\/2025\/03\/Theboardbcn-85-683x1024.jpg 683w, https:\/\/theboardbarcelona.com\/wp-content\/uploads\/2025\/03\/Theboardbcn-85-scaled-800x1199.jpg 800w, https:\/\/theboardbarcelona.com\/wp-content\/uploads\/2025\/03\/Theboardbcn-85-200x300.jpg 200w, https:\/\/theboardbarcelona.com\/wp-content\/uploads\/2025\/03\/Theboardbcn-85-768x1152.jpg 768w, https:\/\/theboardbarcelona.com\/wp-content\/uploads\/2025\/03\/Theboardbcn-85-scaled.jpg 934w\" sizes=\"auto, (max-width: 683px) 100vw, 683px\" \/>\t\t\t\t\t\t\t\t\t\t\t\t\t\t\t<\/div>\n\t\t\t\t<\/div>\n\t\t\t\t\t<\/div>\n\t\t<\/div>\n\t\t\t\t<div class=\"elementor-column elementor-col-50 elementor-top-column elementor-element elementor-element-6081b4d\" data-id=\"6081b4d\" data-element_type=\"column\" data-e-type=\"column\">\n\t\t\t<div class=\"elementor-widget-wrap elementor-element-populated\">\n\t\t\t\t\t\t<div class=\"elementor-element elementor-element-b5d6fc9 elementor-widget elementor-widget-spacer\" data-id=\"b5d6fc9\" data-element_type=\"widget\" data-e-type=\"widget\" data-widget_type=\"spacer.default\">\n\t\t\t\t<div class=\"elementor-widget-container\">\n\t\t\t\t\t\t\t<div class=\"elementor-spacer\">\n\t\t\t<div class=\"elementor-spacer-inner\"><\/div>\n\t\t<\/div>\n\t\t\t\t\t\t<\/div>\n\t\t\t\t<\/div>\n\t\t\t\t<div class=\"elementor-element elementor-element-93da816 elementor-widget__width-initial elementor-widget elementor-widget-text-editor\" data-id=\"93da816\" data-element_type=\"widget\" data-e-type=\"widget\" data-widget_type=\"text-editor.default\">\n\t\t\t\t<div class=\"elementor-widget-container\">\n\t\t\t\t\t\t\t\t\t<p style=\"text-align: left;\" class=\"translation-block\">Apasionada por el arte de invitar, el queso, el vino y las flores, The Board Barcelona\u00ae naci\u00f3 de mi firme convicci\u00f3n de que la buena comida une a las personas y de que comer debe ser una experiencia para todos nuestros sentidos.<\/p>\n<p style=\"text-align: left;\">Hace diez a\u00f1os hice de Barcelona mi hogar, y qued\u00e9 cautivada por los sabores frescos, intensos y los colores vibrantes de los productos en los mercados locales.&nbsp;<span style=\"color: var( --e-global-color-text ); font-family: var( --e-global-typography-text-font-family ), Sans-serif; font-weight: var( --e-global-typography-text-font-weight ); font-size: 1rem;\">Me enamor\u00e9 de los quesos europeos m\u00e1s deliciosos y descubr\u00ed el arte de comer seg\u00fan la temporada, combinando frutas y quesos para realzar lo mejor de ambos.<\/span><\/p>\n<p style=\"text-align: left;\" class=\"translation-block\">Desde la creaci\u00f3n de The Board Barcelona\u00ae hemos dedicado incontables horas a explorar los mercados locales, probando y seleccionando solo los productos de mayor calidad y las combinaciones de sabores m\u00e1s sorprendentes. Cada una de nuestras tablas est\u00e1 dise\u00f1ada con mimo para dejarte sin palabras en cada bocado. \u00bfPor qu\u00e9?<\/p>\n<p style=\"text-align: left;\"><span style=\"color: var( --e-global-color-text ); font-family: var( --e-global-typography-text-font-family ), Sans-serif; font-weight: var( --e-global-typography-text-font-weight ); background-color: var( --e-global-color-primary ); font-size: 1rem;\">\u00bfPor qu\u00e9?&nbsp;<\/span><span style=\"color: var( --e-global-color-text ); font-family: var( --e-global-typography-text-font-family ), Sans-serif; font-weight: var( --e-global-typography-text-font-weight ); background-color: var( --e-global-color-primary ); font-size: 1rem;\">Porque la buena comida une a las personas y los grandes recuerdos deber\u00edan crearse alrededor de la mesa. Re\u00fanete y disfruta (\"Gather and Graze\") con nosotros.<\/span><\/p>\n<p style=\"text-align: left;\"><span style=\"color: var( --e-global-color-text ); font-family: var( --e-global-typography-text-font-family ), Sans-serif; font-weight: var( --e-global-typography-text-font-weight ); font-size: 1rem;\">&#8211;<i>Jenn,&nbsp;<\/i><\/span><span style=\"color: var( --e-global-color-text ); font-family: var( --e-global-typography-text-font-family ), Sans-serif; font-weight: var( --e-global-typography-text-font-weight ); font-size: 1rem;\"><i>Fundadora, The Board Barcelona \u2013 Gather &amp; Graze<\/i><\/span><span style=\"text-align: center; background-color: var( --e-global-color-primary );\"><i>\u00ae<\/i><\/span><\/p>\n<p style=\"text-align: left;\">\n<\/p>\t\t\t\t\t\t\t\t<\/div>\n\t\t\t\t<\/div>\n\t\t\t\t\t<\/div>\n\t\t<\/div>\n\t\t\t\t\t<\/div>\n\t\t<\/section>\n\t\t\t\t<section class=\"elementor-section elementor-top-section elementor-element elementor-element-c073173 elementor-section-boxed elementor-section-height-default elementor-section-height-default\" data-id=\"c073173\" data-element_type=\"section\" data-e-type=\"section\" data-settings=\"{&quot;background_background&quot;:&quot;classic&quot;}\">\n\t\t\t\t\t\t<div class=\"elementor-container elementor-column-gap-default\">\n\t\t\t\t\t<div class=\"elementor-column elementor-col-100 elementor-top-column elementor-element elementor-element-252c05f\" data-id=\"252c05f\" data-element_type=\"column\" data-e-type=\"column\">\n\t\t\t<div class=\"elementor-widget-wrap elementor-element-populated\">\n\t\t\t\t\t\t<div class=\"elementor-element elementor-element-c3273f4 elementor-widget elementor-widget-heading\" data-id=\"c3273f4\" data-element_type=\"widget\" data-e-type=\"widget\" data-widget_type=\"heading.default\">\n\t\t\t\t<div class=\"elementor-widget-container\">\n\t\t\t\t\t<h2 class=\"elementor-heading-title elementor-size-large\"><b>Nuestra Promesa<\/b><\/h2>\t\t\t\t<\/div>\n\t\t\t\t<\/div>\n\t\t\t\t<div class=\"elementor-element elementor-element-7789b24 elementor-widget elementor-widget-text-editor\" data-id=\"7789b24\" data-element_type=\"widget\" data-e-type=\"widget\" data-widget_type=\"text-editor.default\">\n\t\t\t\t<div class=\"elementor-widget-container\">\n\t\t\t\t\t\t\t\t\t<p>En The Board Barcelona\u00ae estamos comprometidos con la reducci\u00f3n del desperdicio alimentario.<\/p><p>Haz tu pedido con antelaci\u00f3n para que podamos seleccionar, de forma responsable, productos frescos y quesos gourmet en los mercados locales de Barcelona. Estamos comprometidos con el residuo cero: cada gramo de producto fresco se aprovecha al m\u00e1ximo en la creaci\u00f3n de nuestras tablas semanales.<\/p><p>Adem\u00e1s, tu pedido se entrega de manera sostenible en un veh\u00edculo el\u00e9ctrico y ecol\u00f3gico.<\/p><p>Tanto la tabla de madera como las de hoja de palma son aptas para lavar y reutilizar tantas veces como quieras.<\/p><p>\u00a0<\/p><p>\u00a1No hay nada mejor!<\/p>\t\t\t\t\t\t\t\t<\/div>\n\t\t\t\t<\/div>\n\t\t\t\t\t<\/div>\n\t\t<\/div>\n\t\t\t\t\t<\/div>\n\t\t<\/section>\n\t\t\t\t<section class=\"elementor-section elementor-top-section elementor-element elementor-element-949ad06 elementor-section-boxed elementor-section-height-default elementor-section-height-default\" data-id=\"949ad06\" data-element_type=\"section\" data-e-type=\"section\" data-settings=\"{&quot;background_background&quot;:&quot;classic&quot;}\">\n\t\t\t\t\t\t<div class=\"elementor-container elementor-column-gap-default\">\n\t\t\t\t\t<div class=\"elementor-column elementor-col-100 elementor-top-column elementor-element elementor-element-34be758\" data-id=\"34be758\" data-element_type=\"column\" data-e-type=\"column\">\n\t\t\t<div class=\"elementor-widget-wrap elementor-element-populated\">\n\t\t\t\t\t\t<div class=\"elementor-element elementor-element-c5fd2ec elementor-widget elementor-widget-spacer\" data-id=\"c5fd2ec\" data-element_type=\"widget\" data-e-type=\"widget\" data-widget_type=\"spacer.default\">\n\t\t\t\t<div class=\"elementor-widget-container\">\n\t\t\t\t\t\t\t<div class=\"elementor-spacer\">\n\t\t\t<div class=\"elementor-spacer-inner\"><\/div>\n\t\t<\/div>\n\t\t\t\t\t\t<\/div>\n\t\t\t\t<\/div>\n\t\t\t\t\t<\/div>\n\t\t<\/div>\n\t\t\t\t\t<\/div>\n\t\t<\/section>\n\t\t\t\t<section class=\"elementor-section elementor-top-section elementor-element elementor-element-9f9ee17 elementor-section-boxed elementor-section-height-default elementor-section-height-default\" data-id=\"9f9ee17\" data-element_type=\"section\" data-e-type=\"section\">\n\t\t\t\t\t\t<div class=\"elementor-container elementor-column-gap-default\">\n\t\t\t\t\t<div class=\"elementor-column elementor-col-100 elementor-top-column elementor-element elementor-element-c332f58\" data-id=\"c332f58\" data-element_type=\"column\" data-e-type=\"column\">\n\t\t\t<div class=\"elementor-widget-wrap\">\n\t\t\t\t\t\t\t<\/div>\n\t\t<\/div>\n\t\t\t\t\t<\/div>\n\t\t<\/section>\n\t\t\t\t<\/div>","protected":false},"excerpt":{"rendered":"<p>Who We Are Passionate about hosting, cheese, wine, and flowers, The Board Barcelona&nbsp;was born from my firm belief that great food brings people together and that eating should be an experience for all of our senses. Ten years ago, I made Barcelona my home and was enamored by the fresh, rich flavors and vibrant colors [&hellip;]<\/p>\n","protected":false},"author":1,"featured_media":0,"parent":0,"menu_order":0,"comment_status":"closed","ping_status":"closed","template":"","meta":{"_mc_calendar":[],"footnotes":""},"class_list":["post-2960","page","type-page","status-publish","hentry"],"_links":{"self":[{"href":"https:\/\/theboardbarcelona.com\/es\/wp-json\/wp\/v2\/pages\/2960","targetHints":{"allow":["GET"]}}],"collection":[{"href":"https:\/\/theboardbarcelona.com\/es\/wp-json\/wp\/v2\/pages"}],"about":[{"href":"https:\/\/theboardbarcelona.com\/es\/wp-json\/wp\/v2\/types\/page"}],"author":[{"embeddable":true,"href":"https:\/\/theboardbarcelona.com\/es\/wp-json\/wp\/v2\/users\/1"}],"replies":[{"embeddable":true,"href":"https:\/\/theboardbarcelona.com\/es\/wp-json\/wp\/v2\/comments?post=2960"}],"version-history":[{"count":5,"href":"https:\/\/theboardbarcelona.com\/es\/wp-json\/wp\/v2\/pages\/2960\/revisions"}],"predecessor-version":[{"id":10982,"href":"https:\/\/theboardbarcelona.com\/es\/wp-json\/wp\/v2\/pages\/2960\/revisions\/10982"}],"wp:attachment":[{"href":"https:\/\/theboardbarcelona.com\/es\/wp-json\/wp\/v2\/media?parent=2960"}],"curies":[{"name":"wp","href":"https:\/\/api.w.org\/{rel}","templated":true}]}}