{"id":701,"date":"2022-10-24T10:31:19","date_gmt":"2022-10-24T10:31:19","guid":{"rendered":"https:\/\/theboardbarcelona.com\/?page_id=701"},"modified":"2024-08-13T20:31:55","modified_gmt":"2024-08-13T18:31:55","slug":"privacy-policy","status":"publish","type":"page","link":"https:\/\/theboardbarcelona.com\/es\/privacy-policy\/","title":{"rendered":"Pol\u00edtica de Privacidad"},"content":{"rendered":"<div data-elementor-type=\"wp-page\" data-elementor-id=\"701\" class=\"elementor elementor-701\" data-elementor-post-type=\"page\">\n\t\t\t\t\t\t<section class=\"elementor-section elementor-top-section elementor-element elementor-element-6493215 elementor-section-boxed elementor-section-height-default elementor-section-height-default\" data-id=\"6493215\" data-element_type=\"section\" data-e-type=\"section\">\n\t\t\t\t\t\t<div class=\"elementor-container elementor-column-gap-default\">\n\t\t\t\t\t<div class=\"elementor-column elementor-col-100 elementor-top-column elementor-element elementor-element-8a0d2d6\" data-id=\"8a0d2d6\" data-element_type=\"column\" data-e-type=\"column\">\n\t\t\t<div class=\"elementor-widget-wrap elementor-element-populated\">\n\t\t\t\t\t\t<div class=\"elementor-element elementor-element-b3f6308 elementor-widget elementor-widget-heading\" data-id=\"b3f6308\" data-element_type=\"widget\" data-e-type=\"widget\" data-widget_type=\"heading.default\">\n\t\t\t\t<div class=\"elementor-widget-container\">\n\t\t\t\t\t<h2 class=\"elementor-heading-title elementor-size-default\">Pol\u00edtica de Privacidad<\/h2>\t\t\t\t<\/div>\n\t\t\t\t<\/div>\n\t\t\t\t<div class=\"elementor-element elementor-element-440c4b8 elementor-widget elementor-widget-text-editor\" data-id=\"440c4b8\" data-element_type=\"widget\" data-e-type=\"widget\" data-widget_type=\"text-editor.default\">\n\t\t\t\t<div class=\"elementor-widget-container\">\n\t\t\t\t\t\t\t\t\t<p><strong style=\"color: var( --e-global-color-text ); background-color: var( --e-global-color-primary ); font-size: 1rem;\">I. INTRODUCCI\u00d3N<\/strong><br><\/p>\n<p class=\"translation-block\">Esta Pol\u00edtica de Privacidad explica c\u00f3mo nosotros, The Board Catering Company, S.L. (conocida como \"The Board Barcelona\"), utilizamos los datos personales que recopilamos de usted cuando utiliza nuestro sitio web.<\/p>\n<p><strong>II. LEYES<\/strong><\/p>\n<p>Esta Pol\u00edtica de Privacidad est\u00e1 adaptada para cumplir con la siguiente legislaci\u00f3n:<\/p>\n<ul>\n<li>Reglamento (UE) 2016\/679 del Parlamento Europeo y del Consejo de 27 de abril de 2016 relativo a la protecci\u00f3n de las personas f\u00edsicas en lo que respecta al tratamiento de datos personales y a la libre circulaci\u00f3n de estos datos (RGPD).<\/li>\n<li>Ley Org\u00e1nica 3\/2018, de 5 de diciembre, de Protecci\u00f3n de Datos Personales y garant\u00eda de los derechos digitales (LOPDGDD).<\/li>\n<li>Real Decreto 1720\/2007, de 21 de diciembre, por el que se aprueba el reglamento de desarrollo de la Ley Org\u00e1nica 15\/1999, de 13 de diciembre, de Protecci\u00f3n de Datos de Car\u00e1cter Personal (RDLOPD).<\/li>\n<li>Ley 34\/2002, de 11 de julio, de servicios de la sociedad de la informaci\u00f3n y de comercio electr\u00f3nico (LSSI-CE).<\/li>\n<\/ul>\n<div><br><\/div>\n<p><strong>III. TEMAS TRATADOS<\/strong><\/p>\n<ul>\n<li>\u00bfQu\u00e9 datos recopilamos?<\/li>\n<li>\u00bfC\u00f3mo recopilamos sus datos?<\/li>\n<li>\u00bfC\u00f3mo utilizaremos sus datos?<\/li>\n<li>\u00bfC\u00f3mo almacenamos sus datos?<\/li>\n<li>Marketing<\/li>\n<li>\u00bfCu\u00e1les son sus derechos de protecci\u00f3n de datos?<\/li>\n<li>\u00bfQu\u00e9 son las cookies?<\/li>\n<li>\u00bfC\u00f3mo utilizamos las cookies?<\/li>\n<li>\u00bfQu\u00e9 tipos de cookies utilizamos?<\/li>\n<li>C\u00f3mo gestionar sus cookies<\/li>\n<li>Pol\u00edticas de privacidad de otros sitios web<\/li>\n<li>Cambios en nuestra pol\u00edtica de privacidad<\/li>\n<li>C\u00f3mo contactarnos<\/li>\n<li>C\u00f3mo contactar con las autoridades correspondientes<\/li>\n<\/ul>\n<div><br><\/div>\n<p><strong>IV. \u00bfQU\u00c9 DATOS RECOPILAMOS?<\/strong><\/p>\n<p>The Board Barcelona recopila los siguientes datos:<\/p>\n<ul>\n<li>Informaci\u00f3n de identificaci\u00f3n personal (Nombre, direcci\u00f3n de correo electr\u00f3nico, n\u00famero de tel\u00e9fono, etc.)<\/li>\n<\/ul>\n<div><br><\/div>\n<p><strong>V. \u00bfC\u00d3MO RECOPILAMOS SUS DATOS?<\/strong><\/p>\n<p>Usted proporciona directamente a The Board Barcelona la mayor\u00eda de los datos que recopilamos. Recopilamos datos y los procesamos cuando usted:<\/p>\n<ul>\n<li>Se registra en l\u00ednea o realiza un pedido de alguno de nuestros productos o servicios.<\/li>\n<li>Voluntariamente completa una encuesta de clientes o proporciona comentarios en alguno de nuestros foros o por correo electr\u00f3nico.<\/li>\n<li>Utiliza o visualiza nuestro sitio web a trav\u00e9s de las cookies de su navegador.<\/li>\n<\/ul>\n<p>The Board Barcelona tambi\u00e9n puede recibir sus datos indirectamente de las siguientes fuentes:<\/p>\n<ul>\n<li>Interacciones en redes sociales con nuestras p\u00e1ginas y contenido a trav\u00e9s de mensajes, comentarios o \"me gusta\".<\/li>\n<\/ul>\n<div><br><\/div>\n<p><strong>VI. \u00bfC\u00d3MO UTILIZAREMOS SUS DATOS?<\/strong><\/p>\n<p>The Board Barcelona recopila sus datos para que podamos:<\/p>\n<ul>\n<li>Procesar su pedido y gestionar su cuenta.<\/li>\n<li>Enviarle correos electr\u00f3nicos con ofertas especiales sobre otros productos y servicios que creemos que pueden interesarle.<\/li>\n<\/ul>\n<div><br><\/div>\n<p><strong>VII. \u00bfC\u00d3MO ALMACENAMOS SUS DATOS?<\/strong><\/p>\n<p>The Board Barcelona almacena sus datos de manera segura en nuestra nube privada protegida por la seguridad del Centro de Datos de Microsoft.<\/p>\n<p>The Board Barcelona conservar\u00e1 su informaci\u00f3n de contacto hasta que solicite su eliminaci\u00f3n. Una vez solicitada, eliminaremos sus datos borr\u00e1ndolos por completo de nuestra base de datos de clientes almacenada.<\/p>\n<p><strong>VIII. MARKETING<\/strong><\/p>\n<p>The Board Barcelona le gustar\u00eda enviarle informaci\u00f3n sobre productos y servicios que creemos que pueden interesarle.<\/p>\n<p>Si ha aceptado recibir comunicaciones de marketing, siempre puede optar por darse de baja en una fecha posterior.<\/p>\n<p>Usted tiene derecho en cualquier momento a detener que The Board Barcelona se ponga en contacto con usted con fines de marketing. Si ya no desea ser contactado para fines de marketing, por favor env\u00edenos un correo electr\u00f3nico a <a rel=\"noreferrer\">info@theboardbarcelona.com<\/a>.<\/p>\n<p><strong>IX. \u00bfCU\u00c1LES SON SUS DERECHOS DE PROTECCI\u00d3N DE DATOS?<\/strong><\/p>\n<p>The Board Barcelona desea asegurarse de que usted est\u00e9 plenamente informado de todos sus derechos de protecci\u00f3n de datos. Cada usuario tiene derecho a lo siguiente:<\/p>\n<ul>\n<li class=\"translation-block\"><strong>Derecho de acceso: <\/strong>Usted tiene derecho a solicitar copias de sus datos personales a The Board Barcelona. Es posible que le cobremos una peque\u00f1a tarifa por este servicio.<\/li>\n<li class=\"translation-block\"><strong>Derecho de rectificaci\u00f3n: <\/strong> Usted tiene derecho a solicitar que The Board Barcelona corrija cualquier informaci\u00f3n que considere inexacta. Tambi\u00e9n tiene derecho a solicitar que The Board Barcelona complete la informaci\u00f3n que considere incompleta.<\/li>\n<li><strong>Derecho de supresi\u00f3n:<\/strong> Usted tiene derecho a solicitar que The Board Barcelona borre sus datos personales, bajo ciertas condiciones.<\/li>\n<li><strong>Derecho a la limitaci\u00f3n del tratamiento:<\/strong> Usted tiene derecho a solicitar que The Board Barcelona limite el tratamiento de sus datos personales, bajo ciertas condiciones.<\/li>\n<li><strong>Derecho de oposici\u00f3n al tratamiento:<\/strong> Usted tiene derecho a oponerse al tratamiento de sus datos personales por parte de The Board Barcelona, bajo ciertas condiciones.<\/li>\n<li><strong>Derecho a la portabilidad de los datos:<\/strong> Usted tiene derecho a solicitar que The Board Barcelona transfiera los datos que hemos recopilado a otra organizaci\u00f3n, o directamente a usted, bajo ciertas condiciones.<\/li>\n<\/ul>\n<div><br><\/div>\n<p>Si realiza una solicitud, tenemos un mes para responderle. Si desea ejercer alguno de estos derechos, por favor cont\u00e1ctenos a nuestro correo electr\u00f3nico: <a rel=\"noreferrer\">info@theboardbarcelona.com<\/a>.<\/p>\n<p>Llame al: 747 433 146.<\/p>\n<p><strong>X. COOKIES<\/strong><\/p>\n<p>Las cookies son archivos de texto colocados en su computadora para recopilar informaci\u00f3n est\u00e1ndar de registro en Internet e informaci\u00f3n sobre el comportamiento de los visitantes. Cuando visita nuestros sitios web, podemos recopilar informaci\u00f3n de usted autom\u00e1ticamente a trav\u00e9s de cookies o tecnolog\u00eda similar.<\/p>\n<p>Para m\u00e1s informaci\u00f3n, visite <a rel=\"noreferrer noopener\" target=\"_new\" href=\"https:\/\/allaboutcookies.org\">allaboutcookies.org<\/a>.<\/p>\n<p><strong>XI. \u00bfC\u00d3MO UTILIZAMOS LAS COOKIES?<\/strong><\/p>\n<p>The Board Barcelona utiliza cookies de varias maneras para mejorar su experiencia en nuestro sitio web, incluyendo:<\/p>\n<ul>\n<li>Comprender c\u00f3mo utiliza nuestro sitio web.<\/li>\n<li>Proporcionarle una mejor experiencia de usuario.<\/li>\n<\/ul>\n<div><br><\/div>\n<p><strong>XII. \u00bfQU\u00c9 TIPOS DE COOKIES UTILIZAMOS?<\/strong><\/p>\n<p>Hay varios tipos de cookies, pero nuestro sitio web utiliza:<\/p>\n<ul>\n<li><strong>Cookies de funcionalidad:<\/strong> The Board Barcelona utiliza estas cookies para que lo reconozcamos en nuestro sitio web y recordemos sus preferencias seleccionadas previamente. Esto podr\u00eda incluir su idioma preferido y la ubicaci\u00f3n en la que se encuentra. Se utilizan una mezcla de cookies propias y de terceros.<\/li>\n<li><strong>Cookies de publicidad:<\/strong> The Board Barcelona utiliza estas cookies para recopilar informaci\u00f3n sobre su visita a nuestro sitio web, el contenido que visualiz\u00f3, los enlaces que sigui\u00f3 y la informaci\u00f3n sobre su navegador, dispositivo y su direcci\u00f3n IP. The Board Barcelona a veces comparte algunos aspectos limitados de estos datos con terceros para fines publicitarios. Tambi\u00e9n podemos compartir datos en l\u00ednea recopilados a trav\u00e9s de cookies con nuestros socios publicitarios. Esto significa que cuando visite otro sitio web, es posible que se le muestren anuncios basados en sus patrones de navegaci\u00f3n en nuestro sitio web.<\/li>\n<\/ul>\n<div><br><\/div>\n<p><strong>XIII. C\u00d3MO GESTIONAR SUS COOKIES<\/strong><\/p>\n<p class=\"translation-block\">Puede configurar su navegador para que no acepte cookies, y el sitio web vinculado anteriormente le indica c\u00f3mo eliminar las cookies de su navegador. Sin embargo, en algunos casos, algunas de las funciones de nuestro sitio web pueden no funcionar como resultado.<\/p>\n<p><strong>XIV. POL\u00cdTICAS DE PRIVACIDAD DE OTROS SITIOS WEB<\/strong><\/p>\n<p>El sitio web de The Board Barcelona contiene enlaces a otros sitios web. Nuestra pol\u00edtica de privacidad se aplica solo a nuestro sitio web, por lo que si hace clic en un enlace a otro sitio web, debe leer su pol\u00edtica de privacidad.<\/p>\n<p><strong>XV. CAMBIOS EN NUESTRA POL\u00cdTICA DE PRIVACIDAD<\/strong><\/p>\n<p>The Board Barcelona mantiene su pol\u00edtica de privacidad bajo revisi\u00f3n regular y coloca cualquier actualizaci\u00f3n en esta p\u00e1gina web. Esta pol\u00edtica de privacidad fue actualizada por \u00faltima vez el 31 de diciembre de 2022.<\/p>\n<p><strong>XVI. C\u00d3MO CONTACTARNOS<\/strong><\/p>\n<p>Si tiene alguna pregunta sobre la pol\u00edtica de privacidad de The Board Barcelona, los datos que tenemos sobre usted, o si desea ejercer alguno de sus derechos de protecci\u00f3n de datos, no dude en contactarnos.<\/p>\n<ul>\n<li><strong>Env\u00edenos un correo electr\u00f3nico a:<\/strong>: <a rel=\"noreferrer\">info@theboardbarcelona.com<\/a><\/li>\n<li><strong>Llame al:<\/strong>: 747 433 146<\/li>\n<li><strong>Direcci\u00f3n<\/strong>: Calle de Descartes 5, Barcelona 08006<\/li>\n<\/ul>\n<div><br><\/div>\n<p><strong>XVII. C\u00d3MO CONTACTAR CON LA AUTORIDAD COMPETENTE<\/strong><\/p>\n<p>Si desea presentar una queja o si considera que The Board Barcelona no ha abordado su preocupaci\u00f3n de manera satisfactoria, puede contactar con la Agencia Espa\u00f1ola de Protecci\u00f3n de Datos (AEPD):<\/p>\n<ul>\n<li><strong>Sitio web:<\/strong>: <a rel=\"noreferrer noopener\" target=\"_new\" href=\"https:\/\/www.aepd.es\">https:\/\/www.aepd.es<\/a><\/li>\n<li><strong>Tel\u00e9fono<\/strong>: +34 901 100 099 \/ +34 912 663 517<\/li>\n<li><strong>Direcci\u00f3n<\/strong>: Calle Jorge Juan, 6, 28001 Madrid, Spain<\/li>\n<\/ul>\n<ul>\n<\/ul>\t\t\t\t\t\t\t\t<\/div>\n\t\t\t\t<\/div>\n\t\t\t\t\t<\/div>\n\t\t<\/div>\n\t\t\t\t\t<\/div>\n\t\t<\/section>\n\t\t\t\t<section class=\"elementor-section elementor-top-section elementor-element elementor-element-361c00b elementor-section-boxed elementor-section-height-default elementor-section-height-default\" data-id=\"361c00b\" data-element_type=\"section\" data-e-type=\"section\">\n\t\t\t\t\t\t<div class=\"elementor-container elementor-column-gap-default\">\n\t\t\t\t\t<div class=\"elementor-column elementor-col-100 elementor-top-column elementor-element elementor-element-3ad29c5\" data-id=\"3ad29c5\" data-element_type=\"column\" data-e-type=\"column\">\n\t\t\t<div class=\"elementor-widget-wrap elementor-element-populated\">\n\t\t\t\t\t\t<div class=\"elementor-element elementor-element-5a352ab elementor-widget elementor-widget-spacer\" data-id=\"5a352ab\" data-element_type=\"widget\" data-e-type=\"widget\" data-widget_type=\"spacer.default\">\n\t\t\t\t<div class=\"elementor-widget-container\">\n\t\t\t\t\t\t\t<div class=\"elementor-spacer\">\n\t\t\t<div class=\"elementor-spacer-inner\"><\/div>\n\t\t<\/div>\n\t\t\t\t\t\t<\/div>\n\t\t\t\t<\/div>\n\t\t\t\t\t<\/div>\n\t\t<\/div>\n\t\t\t\t\t<\/div>\n\t\t<\/section>\n\t\t\t\t<\/div>","protected":false},"excerpt":{"rendered":"<p>Privacy Policy I. INTRODUCTION This Privacy Policy explains how we, The Board Catering Company, S.L. (known as &#8220;The Board Barcelona&#8221;), use the personal data we collect from you when you use our website. II. LEGAL FRAMEWORK This Privacy Policy is adapted to comply with the following legislation: Regulation (EU) 2016\/679 of the European Parliament and [&hellip;]<\/p>\n","protected":false},"author":1,"featured_media":0,"parent":0,"menu_order":0,"comment_status":"closed","ping_status":"closed","template":"","meta":{"_mc_calendar":[],"footnotes":""},"class_list":["post-701","page","type-page","status-publish","hentry"],"_links":{"self":[{"href":"https:\/\/theboardbarcelona.com\/es\/wp-json\/wp\/v2\/pages\/701","targetHints":{"allow":["GET"]}}],"collection":[{"href":"https:\/\/theboardbarcelona.com\/es\/wp-json\/wp\/v2\/pages"}],"about":[{"href":"https:\/\/theboardbarcelona.com\/es\/wp-json\/wp\/v2\/types\/page"}],"author":[{"embeddable":true,"href":"https:\/\/theboardbarcelona.com\/es\/wp-json\/wp\/v2\/users\/1"}],"replies":[{"embeddable":true,"href":"https:\/\/theboardbarcelona.com\/es\/wp-json\/wp\/v2\/comments?post=701"}],"version-history":[{"count":5,"href":"https:\/\/theboardbarcelona.com\/es\/wp-json\/wp\/v2\/pages\/701\/revisions"}],"predecessor-version":[{"id":6100,"href":"https:\/\/theboardbarcelona.com\/es\/wp-json\/wp\/v2\/pages\/701\/revisions\/6100"}],"wp:attachment":[{"href":"https:\/\/theboardbarcelona.com\/es\/wp-json\/wp\/v2\/media?parent=701"}],"curies":[{"name":"wp","href":"https:\/\/api.w.org\/{rel}","templated":true}]}}