{"id":10028,"date":"2025-06-16T11:36:19","date_gmt":"2025-06-16T09:36:19","guid":{"rendered":"https:\/\/theboardbarcelona.com\/?post_type=product&#038;p=10028"},"modified":"2025-06-16T11:37:21","modified_gmt":"2025-06-16T09:37:21","slug":"entre-amics-blanc","status":"publish","type":"product","link":"https:\/\/theboardbarcelona.com\/es\/producto\/entre-amics-blanc\/","title":{"rendered":"Entre Amics Blanc"},"content":{"rendered":"<p>Vino de agricultura ecol\u00f3gica. Vendimia manual en cajas de 15kg y una estricta selecci\u00f3n de la uva en la vi\u00f1a. Seguidamente se enfr\u00eda la uva en una c\u00e1mara de frio durante unas horas para conseguir precursores arom\u00e1ticos, despu\u00e9s la uva es despalillada, prensada y se hace un desfangado est\u00e1tico. Fermentaci\u00f3n alcoh\u00f3lica a temperatura controlada de 15\u00baC en dep\u00f3sitos de acero inoxidable durante 2 semanas. Crianza sobre les sus l\u00edas durante 3 meses con batonage.<\/p>\n<p>Vino blanco tranquilo elaborado con Pansa Blanca y Garnacha Blanca. Su grado alcoh\u00f3lico es de 12,5% vol.<\/p>","protected":false},"excerpt":{"rendered":"<p>Vino de agricultura ecol\u00f3gica. Vendimia manual en cajas de 15kg y una estricta selecci\u00f3n de la uva en la vi\u00f1a. Seguidamente se enfr\u00eda la uva en una c\u00e1mara de frio durante unas horas para conseguir precursores arom\u00e1ticos, despu\u00e9s la uva es despalillada, prensada y se hace un desfangado est\u00e1tico. Fermentaci\u00f3n alcoh\u00f3lica a temperatura controlada de 15\u00baC en dep\u00f3sitos de acero inoxidable durante 2 semanas. Crianza sobre les sus l\u00edas durante 3 meses con batonage.<\/p>\n<p>Vino blanco tranquilo elaborado con Pansa Blanca y Garnacha Blanca. Su grado alcoh\u00f3lico es de 12,5% vol.<\/p>","protected":false},"featured_media":10029,"template":"","meta":[],"product_brand":[],"product_cat":[36],"product_tag":[],"class_list":{"0":"post-10028","1":"product","2":"type-product","3":"status-publish","4":"has-post-thumbnail","6":"product_cat-add-ons","8":"first","9":"instock","10":"taxable","11":"shipping-taxable","12":"purchasable","13":"product-type-simple"},"_links":{"self":[{"href":"https:\/\/theboardbarcelona.com\/es\/wp-json\/wp\/v2\/product\/10028","targetHints":{"allow":["GET"]}}],"collection":[{"href":"https:\/\/theboardbarcelona.com\/es\/wp-json\/wp\/v2\/product"}],"about":[{"href":"https:\/\/theboardbarcelona.com\/es\/wp-json\/wp\/v2\/types\/product"}],"wp:featuredmedia":[{"embeddable":true,"href":"https:\/\/theboardbarcelona.com\/es\/wp-json\/wp\/v2\/media\/10029"}],"wp:attachment":[{"href":"https:\/\/theboardbarcelona.com\/es\/wp-json\/wp\/v2\/media?parent=10028"}],"wp:term":[{"taxonomy":"product_brand","embeddable":true,"href":"https:\/\/theboardbarcelona.com\/es\/wp-json\/wp\/v2\/product_brand?post=10028"},{"taxonomy":"product_cat","embeddable":true,"href":"https:\/\/theboardbarcelona.com\/es\/wp-json\/wp\/v2\/product_cat?post=10028"},{"taxonomy":"product_tag","embeddable":true,"href":"https:\/\/theboardbarcelona.com\/es\/wp-json\/wp\/v2\/product_tag?post=10028"}],"curies":[{"name":"wp","href":"https:\/\/api.w.org\/{rel}","templated":true}]}}