{"id":11302,"date":"2025-11-11T22:12:39","date_gmt":"2025-11-11T21:12:39","guid":{"rendered":"https:\/\/theboardbarcelona.com\/?post_type=product&#038;p=11302"},"modified":"2025-11-11T23:07:08","modified_gmt":"2025-11-11T22:07:08","slug":"the-christmas-cookie-board","status":"publish","type":"product","link":"https:\/\/theboardbarcelona.com\/es\/producto\/the-christmas-cookie-board\/","title":{"rendered":"Galletas de Navidad de mantequilla"},"content":{"rendered":"","protected":false},"excerpt":{"rendered":"<p style=\"text-align: center;\" data-start=\"186\" data-end=\"356\"><span>Una deliciosa selecci\u00f3n de galletas caseras, suaves y mantecosas, que llenan de alegr\u00eda cualquier mesa.<\/span><\/p>\n<p style=\"text-align: center;\" data-start=\"186\" data-end=\"356\"><span>Elaborado artesanalmente con cuidado y servido en una tabla de madera reutilizable de 32x26 cm, esta<\/span> <strong>colecci\u00f3n especial<\/strong> incluye 24 galletas (6 de cada, 720g en total)<strong>:<\/strong><\/p>\n<p data-start=\"186\" data-end=\"356\">\n<p style=\"text-align: center;\" data-start=\"360\" data-end=\"460\"><strong data-start=\"360\" data-end=\"388\">Reno Navide\u00f1o de Lotus<\/strong> <span>\u2013 galletas rellenas tipo s\u00e1ndwich, mantecosas, con un toque de caramelo y un detalle festivo.<\/span><\/p>\n<p style=\"text-align: center;\" data-start=\"463\" data-end=\"575\"><strong data-start=\"463\" data-end=\"499\">\u00c1rbol de Navidad con Ganache de chocolate<\/strong> <span>\u2013 delicadas galletas espolvoreadas con az\u00facar, rellenas de un intenso ganache de chocolate negro.<\/span><\/p>\n<p style=\"text-align: center;\" data-start=\"578\" data-end=\"687\"><strong data-start=\"578\" data-end=\"605\">Corona Navide\u00f1a de almendras<\/strong> <span>\u2013 crujientes galletas doradas, decoradas con almendras tostadas y atadas con cintas rojas.<\/span><\/p>\n<p style=\"text-align: center;\" data-start=\"690\" data-end=\"781\"><strong data-start=\"690\" data-end=\"719\">Mu\u00f1equito de Jengibre Navide\u00f1o<\/strong> <span>\u2013 con un toque c\u00e1lido de especias y el equilibrio perfecto de dulzura suave.<\/span><\/p>\n<p style=\"text-align: center;\" data-start=\"690\" data-end=\"781\"><img loading=\"lazy\" decoding=\"async\" class=\"alignnone size-full wp-image-11230\" src=\"https:\/\/theboardbarcelona.com\/wp-content\/uploads\/2025\/01\/TBB-Grazing-Icons-400-x-200-px-300-x-100-px.jpg\" alt=\"\" width=\"300\" height=\"100\" \/><\/p>\n<p style=\"text-align: center;\" data-start=\"783\" data-end=\"1021\" class=\"translation-block\"><span>Cuidadosamente dispuestas sobre una <strong data-start=\"809\" data-end=\"834\">tabla de madera reutilizable<\/strong>, e incluyen pinzas de bamb\u00fa para una <strong>presentaci\u00f3n sin esfuerzo<\/strong>. Cada detalle, desde las <strong>cintas<\/strong> hasta el <strong>envoltorio<\/strong>, est\u00e1 pensado con especial mimo para que tus celebraciones sean a\u00fan m\u00e1s especiales.<\/span><\/p>\n<p style=\"text-align: center;\" data-start=\"1023\" data-end=\"1210\" class=\"translation-block\"><span>Presentada en nuestra exclusiva caja de alta gama, esta tabla es perfecta para regalar, compartir o disfrutarla t\u00fa mismo.<br data-start=\"1136\" data-end=\"1139\">Lo ideal es consumirla en los 5 d\u00edas posteriores a la entrega.<\/span><\/p>","protected":false},"featured_media":11311,"template":"","meta":[],"product_brand":[],"product_cat":[131],"product_tag":[],"class_list":{"0":"post-11302","1":"product","2":"type-product","3":"status-publish","4":"has-post-thumbnail","6":"product_cat-other-boards-products-2025","8":"first","9":"instock","10":"taxable","11":"shipping-taxable","12":"purchasable","13":"product-type-simple"},"_links":{"self":[{"href":"https:\/\/theboardbarcelona.com\/es\/wp-json\/wp\/v2\/product\/11302","targetHints":{"allow":["GET"]}}],"collection":[{"href":"https:\/\/theboardbarcelona.com\/es\/wp-json\/wp\/v2\/product"}],"about":[{"href":"https:\/\/theboardbarcelona.com\/es\/wp-json\/wp\/v2\/types\/product"}],"wp:featuredmedia":[{"embeddable":true,"href":"https:\/\/theboardbarcelona.com\/es\/wp-json\/wp\/v2\/media\/11311"}],"wp:attachment":[{"href":"https:\/\/theboardbarcelona.com\/es\/wp-json\/wp\/v2\/media?parent=11302"}],"wp:term":[{"taxonomy":"product_brand","embeddable":true,"href":"https:\/\/theboardbarcelona.com\/es\/wp-json\/wp\/v2\/product_brand?post=11302"},{"taxonomy":"product_cat","embeddable":true,"href":"https:\/\/theboardbarcelona.com\/es\/wp-json\/wp\/v2\/product_cat?post=11302"},{"taxonomy":"product_tag","embeddable":true,"href":"https:\/\/theboardbarcelona.com\/es\/wp-json\/wp\/v2\/product_tag?post=11302"}],"curies":[{"name":"wp","href":"https:\/\/api.w.org\/{rel}","templated":true}]}}