{"id":11380,"date":"2025-11-14T11:29:27","date_gmt":"2025-11-14T10:29:27","guid":{"rendered":"https:\/\/theboardbarcelona.com\/?post_type=product&#038;p=11380"},"modified":"2026-03-16T16:15:23","modified_gmt":"2026-03-16T15:15:23","slug":"the-only-cheese-board","status":"publish","type":"product","link":"https:\/\/theboardbarcelona.com\/es\/producto\/the-only-cheese-board\/","title":{"rendered":"La Tabla de Solo Quesos"},"content":{"rendered":"","protected":false},"excerpt":{"rendered":"<p style=\"text-align: center;\" data-start=\"242\" data-end=\"655\" class=\"translation-block\"><span>Una cuidada selecci\u00f3n de <strong data-start=\"265\" data-end=\"288\">seis quesos gourmet<\/strong> que no encontrar\u00e1s en tu supermercado habitual: <strong data-start=\"332\" data-end=\"349\">aprox. 1,2kg<\/strong> en total, seleccionados y cortados a mano por nuestro equipo de expertos.<\/span><\/p>\n<p style=\"text-align: center;\" data-start=\"615\" data-end=\"833\" class=\"translation-block\"><span>Recomendamos <strong data-start=\"628\" data-end=\"656\">60g de queso por persona<\/strong> para una experiencia de cata, o <strong data-start=\"686\" data-end=\"705\">120g por persona<\/strong> si prefieres una raci\u00f3n m\u00e1s generosa. Seg\u00fan la cantidad que desees ofrecer, esta tabla esta pensada para <strong data-start=\"816\" data-end=\"832\">10-20 personas<\/strong>.<\/span><\/p>\n<p style=\"text-align: center;\" data-start=\"835\" data-end=\"973\">Todos los quesos se conservan bien en la nevera, y si sobran, se pueden disfrutar en perfectas condicionas en los d\u00edas siguientes.<\/p>\n<p style=\"text-align: center;\" class=\"translation-block\"><img class=\"aligncenter wp-image-9813\" src=\"https:\/\/theboardbarcelona.com\/wp-content\/uploads\/2025\/05\/TBB-Grazing-Icons-1.png\" alt=\"\" width=\"150\" height=\"50\"><br>\nCada tabla est\u00e1 cuidadosamente dise\u00f1ada para disfrutarse de izquierda a derecha, comenzando con el suave y delicado <em data-start=\"519\" data-end=\"535\">Garrotxa Bauma<\/em> y terminando con el internacionalmente reconocido <em data-start=\"582\" data-end=\"599\">Blau de Jutglar<\/em>. Una experiencia de cata refinada para aut\u00e9nticos amantes del queso.<\/p>\n<p>&nbsp;<\/p>\n<p style=\"text-align: center;\"><span style=\"text-decoration: underline;\"><strong>Nuestra Only Cheese Board Incluye:<\/strong><\/span><\/p>\n<p style=\"text-align: left;\" class=\"translation-block\"><span class=\"OYPEnA font-feature-liga-off font-feature-clig-off font-feature-calt-off text-decoration-none text-strikethrough-none\"><strong>Garrotxa Bauma<\/strong> <em>Un<\/em><\/span><em><span class=\"OYPEnA font-feature-liga-off font-feature-clig-off font-feature-calt-off text-decoration-none text-strikethrough-none\"> queso madurado de cabra con toques a nuece, de textura cremosa pero compacta. <\/span><span class=\"OYPEnA font-feature-liga-off font-feature-clig-off font-feature-calt-off text-decoration-none text-strikethrough-none\">Medalla de oro, World Cheese Awards 2009<\/span><\/em><\/p>\n<p style=\"text-align: left;\"><span class=\"OYPEnA font-feature-liga-off font-feature-clig-off font-feature-calt-off text-decoration-none text-strikethrough-none\"><strong>Mimolette<\/strong> <\/span><em><span class=\"OYPEnA font-feature-liga-off font-feature-clig-off font-feature-calt-off text-decoration-none text-strikethrough-none\">Queso duro de leche de vaca, originario de Normand\u00eda. De sabor intenso y textura firme. <\/span><\/em><span class=\"OYPEnA font-feature-liga-off font-feature-clig-off font-feature-calt-off text-decoration-none text-strikethrough-none\"><em>Un queso s\u00faper premiado, incluyendo un S\u00faper Oro, dos Oros y tres Platas en los World Cheese Awards 2023, adem\u00e1s de premios en los Premios Alimentos de Espa\u00f1a<\/em><\/span><\/p>\n<p style=\"text-align: left;\"><span class=\"OYPEnA font-feature-liga-off font-feature-clig-off font-feature-calt-off text-decoration-none text-strikethrough-none\"><strong>Comte 18M<\/strong> <em>Madurado 18 meses en el Jura, este cl\u00e1sico franc\u00e9s destaca por sus notas a nuez y mantequilla y un final refinado.<\/em><\/span><\/p>\n<p style=\"text-align: left;\"><span class=\"OYPEnA font-feature-liga-off font-feature-clig-off font-feature-calt-off text-decoration-none text-strikethrough-none\"><strong>Tacat de T\u00f2fona<\/strong> <\/span><span class=\"OYPEnA font-feature-liga-off font-feature-clig-off font-feature-calt-off text-decoration-none text-strikethrough-none\"><em>Queso de oveja con trufa, de leche cruda, elaborado en La Cleda<\/em>, <\/span><span class=\"OYPEnA font-feature-liga-off font-feature-clig-off font-feature-calt-off text-decoration-none text-strikethrough-none\"><em>Bronze Medal at the 2018 World Cheese Awards<\/em><\/span><\/p>\n<p style=\"text-align: left;\"><span class=\"OYPEnA font-feature-liga-off font-feature-clig-off font-feature-calt-off text-decoration-none text-strikethrough-none\"><strong>Mas Farro<\/strong>\u00a0<\/span><em><span class=\"OYPEnA font-feature-liga-off font-feature-clig-off font-feature-calt-off text-decoration-none text-strikethrough-none\">Un queso tradicional catal\u00e1n elaborado en la Vall de Bianya, recuperado a finales del siglo pasado<\/span><\/em><\/p>\n<p style=\"text-align: left;\" class=\"translation-block\"><strong>Blau Ceret\u00e0<\/strong><em> de Mol\u00ed de Ger es un exquisito queso azul elaborado en La Cerdanya, en los Pirineos catalanes, a partir de leche cruda de vaca y madurado suavemente para desarrollar sus finas vetas azules. Rico pero elegante, ofrece una textura cremosa con un delicado toque especiado y un final perfectamente equilibrado y lleno de sabor.<br>\n<\/em><\/p>","protected":false},"featured_media":11382,"template":"","meta":[],"product_brand":[],"product_cat":[131],"product_tag":[],"class_list":{"0":"post-11380","1":"product","2":"type-product","3":"status-publish","4":"has-post-thumbnail","6":"product_cat-other-boards-products-2025","8":"first","9":"instock","10":"taxable","11":"shipping-taxable","12":"purchasable","13":"product-type-simple"},"_links":{"self":[{"href":"https:\/\/theboardbarcelona.com\/es\/wp-json\/wp\/v2\/product\/11380","targetHints":{"allow":["GET"]}}],"collection":[{"href":"https:\/\/theboardbarcelona.com\/es\/wp-json\/wp\/v2\/product"}],"about":[{"href":"https:\/\/theboardbarcelona.com\/es\/wp-json\/wp\/v2\/types\/product"}],"wp:featuredmedia":[{"embeddable":true,"href":"https:\/\/theboardbarcelona.com\/es\/wp-json\/wp\/v2\/media\/11382"}],"wp:attachment":[{"href":"https:\/\/theboardbarcelona.com\/es\/wp-json\/wp\/v2\/media?parent=11380"}],"wp:term":[{"taxonomy":"product_brand","embeddable":true,"href":"https:\/\/theboardbarcelona.com\/es\/wp-json\/wp\/v2\/product_brand?post=11380"},{"taxonomy":"product_cat","embeddable":true,"href":"https:\/\/theboardbarcelona.com\/es\/wp-json\/wp\/v2\/product_cat?post=11380"},{"taxonomy":"product_tag","embeddable":true,"href":"https:\/\/theboardbarcelona.com\/es\/wp-json\/wp\/v2\/product_tag?post=11380"}],"curies":[{"name":"wp","href":"https:\/\/api.w.org\/{rel}","templated":true}]}}