{"id":12148,"date":"2026-05-04T16:31:32","date_gmt":"2026-05-04T14:31:32","guid":{"rendered":"https:\/\/theboardbarcelona.com\/?post_type=product&#038;p=12148"},"modified":"2026-05-04T16:46:32","modified_gmt":"2026-05-04T14:46:32","slug":"the-half-half-board","status":"publish","type":"product","link":"https:\/\/theboardbarcelona.com\/es\/producto\/the-half-half-board\/","title":{"rendered":"The Half &#038; Half Board"},"content":{"rendered":"","protected":false},"excerpt":{"rendered":"<p style=\"text-align: center;\" data-start=\"171\" data-end=\"266\">Para quienes aprecian la profundidad de la tradici\u00f3n y el placer de descubrir algo m\u00e1s.<\/p>\n<p style=\"text-align: center;\" data-start=\"171\" data-end=\"266\">Ideal para grupos mixtos, aperitivos y anfitriones elegantes, cuando simplemente no quieres elegir.<\/p>\n<p style=\"text-align: center;\" data-start=\"268\" data-end=\"475\" class=\"translation-block\">Esta tabla de quesos y embutidos re\u00fane dos de nuestras experiencias en una presentaci\u00f3n perfectamente equilibrada: <em><strong>jam\u00f3n premium cortado a mano<\/strong> (320g) en un lado, y una <strong>selecci\u00f3n curada de seis quesos artesanos en el otro<\/strong> (aprox. 600g en total).<\/em><\/p>\n<p style=\"text-align: center;\" data-start=\"242\" data-end=\"655\" class=\"translation-block\">Esta tabla sirve c\u00f3modamente para <strong>8<\/strong><strong data-start=\"816\" data-end=\"832\">-15 personas<\/strong> como pica pica.<\/p>\n<p style=\"text-align: center;\"><img loading=\"lazy\" decoding=\"async\" class=\"aligncenter wp-image-9813\" src=\"https:\/\/theboardbarcelona.com\/wp-content\/uploads\/2025\/05\/TBB-Grazing-Icons-1.png\" alt=\"\" width=\"150\" height=\"50\" srcset=\"https:\/\/theboardbarcelona.com\/wp-content\/uploads\/2025\/05\/TBB-Grazing-Icons-1.png 300w, https:\/\/theboardbarcelona.com\/wp-content\/uploads\/2025\/05\/TBB-Grazing-Icons-1-18x6.png 18w\" sizes=\"auto, (max-width: 150px) 100vw, 150px\" \/><\/p>\n<p style=\"text-align: center;\"><span style=\"text-decoration: underline;\"><strong>Nuestra Half &amp; Half Board Incluye:<br \/>\n<\/strong><\/span><\/p>\n<p style=\"text-align: center;\" class=\"translation-block\">320g de Jam\u00f3n Cebo de Campo <strong>Ib\u00e9rico<\/strong> (50% raza ib\u00e9rica), curado de forma tradicional y cortado a mano, m\u00e1s:<\/p>\n<p style=\"text-align: center;\" class=\"translation-block\"><span class=\"OYPEnA font-feature-liga-off font-feature-clig-off font-feature-calt-off text-decoration-none text-strikethrough-none\"><strong>Garrotxa Bauma<\/strong> <em>Un<\/em><\/span><em><span class=\"OYPEnA font-feature-liga-off font-feature-clig-off font-feature-calt-off text-decoration-none text-strikethrough-none\"> queso madurado de cabra con toques a nuece, de textura cremosa pero compacta. <\/span><span class=\"OYPEnA font-feature-liga-off font-feature-clig-off font-feature-calt-off text-decoration-none text-strikethrough-none\">Medalla de oro, World Cheese Awards 2009<\/span><\/em><\/p>\n<p style=\"text-align: center;\"><span class=\"OYPEnA font-feature-liga-off font-feature-clig-off font-feature-calt-off text-decoration-none text-strikethrough-none\"><strong>Mimolette<\/strong> <\/span><em><span class=\"OYPEnA font-feature-liga-off font-feature-clig-off font-feature-calt-off text-decoration-none text-strikethrough-none\">Queso duro de leche de vaca, originario de Normand\u00eda. De sabor intenso y textura firme. <\/span><\/em><span class=\"OYPEnA font-feature-liga-off font-feature-clig-off font-feature-calt-off text-decoration-none text-strikethrough-none\"><em>Un queso s\u00faper premiado, incluyendo un S\u00faper Oro, dos Oros y tres Platas en los World Cheese Awards 2023, adem\u00e1s de premios en los Premios Alimentos de Espa\u00f1a<\/em><\/span><\/p>\n<p style=\"text-align: center;\"><span class=\"OYPEnA font-feature-liga-off font-feature-clig-off font-feature-calt-off text-decoration-none text-strikethrough-none\"><strong>Comte 18M<\/strong> <em>Madurado 18 meses en el Jura, este cl\u00e1sico franc\u00e9s destaca por sus notas a nuez y mantequilla y un final refinado.<\/em><\/span><\/p>\n<p style=\"text-align: center;\"><span class=\"OYPEnA font-feature-liga-off font-feature-clig-off font-feature-calt-off text-decoration-none text-strikethrough-none\"><strong>Tacat de T\u00f2fona<\/strong> <\/span><span class=\"OYPEnA font-feature-liga-off font-feature-clig-off font-feature-calt-off text-decoration-none text-strikethrough-none\"><em>Queso de oveja con trufa, de leche cruda, elaborado en La Cleda<\/em>, <\/span><span class=\"OYPEnA font-feature-liga-off font-feature-clig-off font-feature-calt-off text-decoration-none text-strikethrough-none\"><em>Bronze Medal at the 2018 World Cheese Awards<\/em><\/span><\/p>\n<p style=\"text-align: center;\"><span class=\"OYPEnA font-feature-liga-off font-feature-clig-off font-feature-calt-off text-decoration-none text-strikethrough-none\"><strong>Mas Farro<\/strong>\u00a0<\/span><em><span class=\"OYPEnA font-feature-liga-off font-feature-clig-off font-feature-calt-off text-decoration-none text-strikethrough-none\">Un queso tradicional catal\u00e1n elaborado en la Vall de Bianya, recuperado a finales del siglo pasado<\/span><\/em><\/p>\n<p style=\"text-align: center;\" class=\"translation-block\"><strong>Blau Ceret\u00e0<\/strong><em> de Mol\u00ed de Ger es un exquisito queso azul elaborado en La Cerdanya, en los Pirineos catalanes, a partir de leche cruda de vaca y madurado suavemente para desarrollar sus finas vetas azules. Rico pero elegante, ofrece una textura cremosa con un delicado toque especiado y un final perfectamente equilibrado y lleno de sabor.<br>\n<\/em><\/p>","protected":false},"featured_media":12154,"template":"","meta":[],"product_brand":[],"product_cat":[96],"product_tag":[],"class_list":{"0":"post-12148","1":"product","2":"type-product","3":"status-publish","4":"has-post-thumbnail","6":"product_cat-grazing-boards-2025","8":"first","9":"instock","10":"taxable","11":"shipping-taxable","12":"purchasable","13":"product-type-simple"},"_links":{"self":[{"href":"https:\/\/theboardbarcelona.com\/es\/wp-json\/wp\/v2\/product\/12148","targetHints":{"allow":["GET"]}}],"collection":[{"href":"https:\/\/theboardbarcelona.com\/es\/wp-json\/wp\/v2\/product"}],"about":[{"href":"https:\/\/theboardbarcelona.com\/es\/wp-json\/wp\/v2\/types\/product"}],"wp:featuredmedia":[{"embeddable":true,"href":"https:\/\/theboardbarcelona.com\/es\/wp-json\/wp\/v2\/media\/12154"}],"wp:attachment":[{"href":"https:\/\/theboardbarcelona.com\/es\/wp-json\/wp\/v2\/media?parent=12148"}],"wp:term":[{"taxonomy":"product_brand","embeddable":true,"href":"https:\/\/theboardbarcelona.com\/es\/wp-json\/wp\/v2\/product_brand?post=12148"},{"taxonomy":"product_cat","embeddable":true,"href":"https:\/\/theboardbarcelona.com\/es\/wp-json\/wp\/v2\/product_cat?post=12148"},{"taxonomy":"product_tag","embeddable":true,"href":"https:\/\/theboardbarcelona.com\/es\/wp-json\/wp\/v2\/product_tag?post=12148"}],"curies":[{"name":"wp","href":"https:\/\/api.w.org\/{rel}","templated":true}]}}