{"id":187,"date":"2022-10-03T14:46:09","date_gmt":"2022-10-03T14:46:09","guid":{"rendered":"https:\/\/theboardbarcelona.com\/?post_type=product&#038;p=187"},"modified":"2026-02-17T11:23:54","modified_gmt":"2026-02-17T10:23:54","slug":"grazing-box","status":"publish","type":"product","link":"https:\/\/theboardbarcelona.com\/es\/producto\/grazing-box\/","title":{"rendered":"GRAZING BOX"},"content":{"rendered":"<ul>\n<li>O bien una <strong>una Caja de Quesos y Embutidos:<\/strong> incluye 2 quesos gourmet, embutido, fruta fresca de temporada, mermelada, frutos secos, fruta deshidratada y guarnici\u00f3n.<\/li>\n<li>O una <strong>Caja de Quesos:<\/strong> incluye una mezcla de frutas hermosas y frescas de temporada acompa\u00f1adas de 2 quesos gourmet, mermelada, nueces, frutos secos, frusta deshidratada y guarnici\u00f3n.<\/li>\n<\/ul>\n<p>Como seleccionamos nuestros productos cada semana y algunos acompa\u00f1amientos son de temporada, pueden variar seg\u00fan disponibilidad. Esto aplica especialmente a las flores comestibles.<\/p>\n<p>Nuestras tablas se disfrutan mejor el mismo d\u00eda de la entrega. Para saborear los quesos en su punto \u00f3ptimo, ret\u00edralos del frigor\u00edfico una hora antes de servir.<\/p>","protected":false},"excerpt":{"rendered":"<p style=\"text-align: center;\">\u00bfTe apetece darte un capricho solo para ti? \u00a1Entonces esta caja es para ti!<\/p>\n<p style=\"text-align: center;\" class=\"translation-block\"><p>Desde <strong>fruta<\/strong> fresca de temporada hasta <strong>queso<\/strong> gourmet, <strong>crudit\u00e9s<\/strong> crujientes o <strong>postres<\/strong> deliciosos, esta caja <strong>artesanal<\/strong> est\u00e1 compuesta por capas y capas de los <strong>mejores ingredientes<\/strong>, procedentes de <strong>productores locales<\/strong> y <strong>artesanos<\/strong>. Se presenta en una caja de madera <strong>reutilizable de 17x17\u00a0cm<\/strong>, apta para uso alimentario.<\/p><\/p>\n<p style=\"text-align: center;\" class=\"translation-block\"><p>Sirve para <strong>1-2 personas<\/strong> como aperitivo, o para <strong>1 persona<\/strong> como plato principal.<\/p><\/p>\n<p><img loading=\"lazy\" decoding=\"async\" class=\"aligncenter wp-image-9813\" src=\"https:\/\/theboardbarcelona.com\/wp-content\/uploads\/2025\/05\/TBB-Grazing-Icons-1.png\" alt=\"\" width=\"150\" height=\"50\" srcset=\"https:\/\/theboardbarcelona.com\/wp-content\/uploads\/2025\/05\/TBB-Grazing-Icons-1.png 300w, https:\/\/theboardbarcelona.com\/wp-content\/uploads\/2025\/05\/TBB-Grazing-Icons-1-18x6.png 18w\" sizes=\"auto, (max-width: 150px) 100vw, 150px\" \/><\/p>\n<p style=\"text-align: center;\"><strong><span style=\"text-decoration: underline;\">Elige Entre:<\/span><\/strong><\/p>\n<p style=\"text-align: center;\"><strong>Original<\/strong> (Quesos y Embutidos),<\/p>\n<p style=\"text-align: center;\"><strong>Vegetariana <\/strong>(Quesos y Fruta)<\/p>\n<h5 style=\"text-align: center;\"><em>Selecciona tu producto a continuaci\u00f3n para leer las descripciones espec\u00edficas.<\/em><\/h5>","protected":false},"featured_media":6966,"template":"","meta":[],"product_brand":[],"product_cat":[96],"product_tag":[],"class_list":{"0":"post-187","1":"product","2":"type-product","3":"status-publish","4":"has-post-thumbnail","6":"product_cat-grazing-boards-2025","8":"first","9":"instock","10":"taxable","11":"shipping-taxable","12":"purchasable","13":"product-type-variable"},"_links":{"self":[{"href":"https:\/\/theboardbarcelona.com\/es\/wp-json\/wp\/v2\/product\/187","targetHints":{"allow":["GET"]}}],"collection":[{"href":"https:\/\/theboardbarcelona.com\/es\/wp-json\/wp\/v2\/product"}],"about":[{"href":"https:\/\/theboardbarcelona.com\/es\/wp-json\/wp\/v2\/types\/product"}],"wp:featuredmedia":[{"embeddable":true,"href":"https:\/\/theboardbarcelona.com\/es\/wp-json\/wp\/v2\/media\/6966"}],"wp:attachment":[{"href":"https:\/\/theboardbarcelona.com\/es\/wp-json\/wp\/v2\/media?parent=187"}],"wp:term":[{"taxonomy":"product_brand","embeddable":true,"href":"https:\/\/theboardbarcelona.com\/es\/wp-json\/wp\/v2\/product_brand?post=187"},{"taxonomy":"product_cat","embeddable":true,"href":"https:\/\/theboardbarcelona.com\/es\/wp-json\/wp\/v2\/product_cat?post=187"},{"taxonomy":"product_tag","embeddable":true,"href":"https:\/\/theboardbarcelona.com\/es\/wp-json\/wp\/v2\/product_tag?post=187"}],"curies":[{"name":"wp","href":"https:\/\/api.w.org\/{rel}","templated":true}]}}