{"id":2168,"date":"2023-07-05T08:17:19","date_gmt":"2023-07-05T08:17:19","guid":{"rendered":"https:\/\/theboardbarcelona.com\/?post_type=product&#038;p=2168"},"modified":"2026-02-17T11:36:13","modified_gmt":"2026-02-17T10:36:13","slug":"individual-grazing-cup","status":"publish","type":"product","link":"https:\/\/theboardbarcelona.com\/es\/producto\/individual-grazing-cup\/","title":{"rendered":"INDIVIDUAL GRAZING CUP"},"content":{"rendered":"<p>Nuestras exclusivas Individual Grazing Cups har\u00e1n que cualquier evento sea memorable. Cada Grazing Cup se puede personalizar para tu evento con el logotipo de tu empresa, los colores del evento y m\u00e1s. \u00a1Las posibilidades son infinitas!<\/p>\n<p><span style=\"text-decoration: underline;\">La Individual Grazing Cup est\u00e1ndar de The Board Barcelona incluye:<\/span><\/p>\n<ul>\n<li class=\"_04xlpA direction-ltr align-center para-style-body\"><span class=\"WdYUQQ text-decoration-none text-strikethrough-none\">Tres quesos gourmet<\/span><\/li>\n<li>\n<p class=\"_04xlpA direction-ltr align-center para-style-body\"><span class=\"WdYUQQ text-decoration-none text-strikethrough-none\">Dos embutidos de Carrasco, 100% Ib\u00e9ricos<\/span><\/p>\n<\/li>\n<li>\n<p class=\"_04xlpA direction-ltr align-center para-style-body\"><span class=\"WdYUQQ text-decoration-none text-strikethrough-none\">Almendras tostadas, fruta fresca de temporada, fruta deshidratada, una galleta <\/span><span class=\"WdYUQQ text-decoration-none text-strikethrough-none\">salada gourmet y nuestra exclusiva guarnici\u00f3n de flores comestibles.<\/span><\/p>\n<\/li>\n<\/ul>\n<p>Ponte en contacto con nosotros directamente para pedidos personalizados.<\/p>\n<p><strong><em>Minimum order: 5 Grazing Cups<\/em><\/strong><\/p>","protected":false},"excerpt":{"rendered":"<p style=\"text-align: center;\">Nuestras exclusivas Individual Grazing Cups har\u00e1n que cualquier evento sea memorable. \nCada Grazing Cup se puede personalizar para su evento con el logotipo de tu empresa, los colores del evento y m\u00e1s. \u00a1Las posibilidades son infinitas!<\/p>\n<p style=\"text-align: center;\">Por favor, ten en cuenta que el pedido m\u00ednimo es de 5 grazing cups.<\/p>\n<p><img loading=\"lazy\" decoding=\"async\" class=\"aligncenter wp-image-9813\" src=\"https:\/\/theboardbarcelona.com\/wp-content\/uploads\/2025\/05\/TBB-Grazing-Icons-1.png\" alt=\"\" width=\"150\" height=\"50\" srcset=\"https:\/\/theboardbarcelona.com\/wp-content\/uploads\/2025\/05\/TBB-Grazing-Icons-1.png 300w, https:\/\/theboardbarcelona.com\/wp-content\/uploads\/2025\/05\/TBB-Grazing-Icons-1-18x6.png 18w\" sizes=\"auto, (max-width: 150px) 100vw, 150px\" \/><\/p>\n<p style=\"text-align: center;\"><strong><span style=\"text-decoration: underline;\">Elige Entre:<\/span><\/strong><\/p>\n<p style=\"text-align: center;\"><strong>Original<\/strong> (Quesos y Embutidos), <strong>Vegetariana <\/strong>(Quesos y Fruta)<strong>, <\/strong><\/p>\n<p style=\"text-align: center;\"><strong>Fruta Fresca <\/strong>(Solo fruta)<strong>, Crudit\u00e9s &amp; Hummus, <\/strong><\/p>\n<p style=\"text-align: center;\"><strong>Postre (dulce)\u00a0<\/strong>(Brownie y Fruta)<\/p>\n<p style=\"text-align: center;\" data-start=\"142\" data-end=\"385\" class=\"translation-block\">\u2014<br>\nEste producto <b>se elabora a medida <\/b>y est\u00e1 disponible exclusivamente por correo electr\u00f3nico o WhatsApp.<br data-start=\"229\" data-end=\"232\">\nElaborado con el m\u00e1ximo cuidado e ingredientes \u00fanicos, este producto requiere una preparaci\u00f3n previa.<p>\n<b>Por eso, su disponibilidad es limitada y depende de nuestra capacidad de producci\u00f3n semanal.<\/b><\/p>\n<p style=\"text-align: center;\" data-start=\"387\" data-end=\"504\" class=\"translation-block\">Por favor, <strong data-start=\"407\" data-end=\"438\">contacta con nuestro equipo con antelaci\u00f3n<\/strong> si deseas realizar un pedido; estaremos encantados de ayudarte.<\/p>","protected":false},"featured_media":2169,"template":"","meta":[],"product_brand":[],"product_cat":[96],"product_tag":[],"class_list":{"0":"post-2168","1":"product","2":"type-product","3":"status-publish","4":"has-post-thumbnail","6":"product_cat-grazing-boards-2025","8":"first","9":"outofstock","10":"taxable","11":"shipping-taxable","12":"product-type-simple"},"_links":{"self":[{"href":"https:\/\/theboardbarcelona.com\/es\/wp-json\/wp\/v2\/product\/2168","targetHints":{"allow":["GET"]}}],"collection":[{"href":"https:\/\/theboardbarcelona.com\/es\/wp-json\/wp\/v2\/product"}],"about":[{"href":"https:\/\/theboardbarcelona.com\/es\/wp-json\/wp\/v2\/types\/product"}],"wp:featuredmedia":[{"embeddable":true,"href":"https:\/\/theboardbarcelona.com\/es\/wp-json\/wp\/v2\/media\/2169"}],"wp:attachment":[{"href":"https:\/\/theboardbarcelona.com\/es\/wp-json\/wp\/v2\/media?parent=2168"}],"wp:term":[{"taxonomy":"product_brand","embeddable":true,"href":"https:\/\/theboardbarcelona.com\/es\/wp-json\/wp\/v2\/product_brand?post=2168"},{"taxonomy":"product_cat","embeddable":true,"href":"https:\/\/theboardbarcelona.com\/es\/wp-json\/wp\/v2\/product_cat?post=2168"},{"taxonomy":"product_tag","embeddable":true,"href":"https:\/\/theboardbarcelona.com\/es\/wp-json\/wp\/v2\/product_tag?post=2168"}],"curies":[{"name":"wp","href":"https:\/\/api.w.org\/{rel}","templated":true}]}}