{"id":2247,"date":"2023-08-07T08:34:43","date_gmt":"2023-08-07T08:34:43","guid":{"rendered":"https:\/\/theboardbarcelona.com\/?post_type=product&#038;p=2247"},"modified":"2025-04-20T01:37:54","modified_gmt":"2025-04-19T23:37:54","slug":"ramito-verdejo-sauvignon-blanc","status":"publish","type":"product","link":"https:\/\/theboardbarcelona.com\/es\/producto\/ramito-verdejo-sauvignon-blanc\/","title":{"rendered":"Ramito &#8211; Verdejo Sauvignon Blanc (vino blanco)"},"content":{"rendered":"<p><a href=\"https:\/\/theboardbarcelona.com\/es\/producto\/ramito-verdejo-sauvignon-blanc\/attachment\/ficha_tecnica_ramito_verdejo_-_sauvignon_2021\/\" rel=\"attachment wp-att-2249\">Ficha_tecnica_RAMITO_Verdejo_-_Sauvignon_2021<\/a><\/p>\n<p>\"Este vino es verano, vacaciones y terraceo en buena compa\u00f1\u00eda.<\/p>\n<div>Dos uvas que se complementan para dar su mejor versi\u00f3n: Verdejo (80%) y Sauvignon Blanc (20%).<\/div>\n<div>La uva Verdejo es una variedad de uva blanca originaria de Espa\u00f1a. Produce vinos blancos secos con aromas a frutas blancas y c\u00edtricos, as\u00ed como notas herbales y florales. Es conocida por su capacidad para reflejar el terroir donde se cultiva.<\/div>\n<div>La uva Sauvignon Blanc es una variedad de uva blanca originaria de Francia, que produce vinos blancos secos con acidez elevada y un sabor fresco y vibrante.\"<\/div>\n<div><\/div>\n<div><\/div>\n<div>Variedad de Uva: Verdejo - Sauvignon<\/div>\n<p>Origen: Utiel-Requena<\/p>","protected":false},"excerpt":{"rendered":"<p><a href=\"https:\/\/theboardbarcelona.com\/es\/producto\/ramito-verdejo-sauvignon-blanc\/attachment\/ficha_tecnica_ramito_verdejo_-_sauvignon_2021\/\"><em>Verdejo-Sauvignon Ficha T\u00e9cnica<\/em><\/a><\/p>\n<p>\"Este vino es verano, vacaciones y terraceo en buena compa\u00f1\u00eda.<\/p>\n<div>Dos uvas que se complementan para dar su mejor versi\u00f3n: Verdejo (80%) y Sauvignon Blanc (20%).<\/div>\n<div>La uva Verdejo es una variedad de uva blanca originaria de Espa\u00f1a. Produce vinos blancos secos con aromas a frutas blancas y c\u00edtricos, as\u00ed como notas herbales y florales. Es conocida por su capacidad para reflejar el terroir donde se cultiva.<\/div>\n<div>La uva Sauvignon Blanc es una variedad de uva blanca originaria de Francia, que produce vinos blancos secos con acidez elevada y un sabor fresco y vibrante.\"<\/div>\n<div><\/div>\n<div>Variedad de Uva: Verdejo - Sauvignon<\/div>\n<p>Origen: Utiel-Requena<\/p>\n<p><em>La venta de bebidas alcoh\u00f3licas a menores de 18 a\u00f1os est\u00e1 prohibida conforme al art\u00edculo 12 de la Ley 11\/2010, de 17 de junio, sobre la prevenci\u00f3n del consumo de alcohol en menores.<\/em><\/p>","protected":false},"featured_media":2248,"template":"","meta":[],"product_brand":[],"product_cat":[36],"product_tag":[],"class_list":{"0":"post-2247","1":"product","2":"type-product","3":"status-publish","4":"has-post-thumbnail","6":"product_cat-add-ons","8":"first","9":"instock","10":"taxable","11":"shipping-taxable","12":"purchasable","13":"product-type-simple"},"_links":{"self":[{"href":"https:\/\/theboardbarcelona.com\/es\/wp-json\/wp\/v2\/product\/2247","targetHints":{"allow":["GET"]}}],"collection":[{"href":"https:\/\/theboardbarcelona.com\/es\/wp-json\/wp\/v2\/product"}],"about":[{"href":"https:\/\/theboardbarcelona.com\/es\/wp-json\/wp\/v2\/types\/product"}],"wp:featuredmedia":[{"embeddable":true,"href":"https:\/\/theboardbarcelona.com\/es\/wp-json\/wp\/v2\/media\/2248"}],"wp:attachment":[{"href":"https:\/\/theboardbarcelona.com\/es\/wp-json\/wp\/v2\/media?parent=2247"}],"wp:term":[{"taxonomy":"product_brand","embeddable":true,"href":"https:\/\/theboardbarcelona.com\/es\/wp-json\/wp\/v2\/product_brand?post=2247"},{"taxonomy":"product_cat","embeddable":true,"href":"https:\/\/theboardbarcelona.com\/es\/wp-json\/wp\/v2\/product_cat?post=2247"},{"taxonomy":"product_tag","embeddable":true,"href":"https:\/\/theboardbarcelona.com\/es\/wp-json\/wp\/v2\/product_tag?post=2247"}],"curies":[{"name":"wp","href":"https:\/\/api.w.org\/{rel}","templated":true}]}}