{"id":2250,"date":"2023-08-07T08:45:14","date_gmt":"2023-08-07T08:45:14","guid":{"rendered":"https:\/\/theboardbarcelona.com\/?post_type=product&#038;p=2250"},"modified":"2026-04-16T10:30:12","modified_gmt":"2026-04-16T08:30:12","slug":"las-pizarras-fabla-vino-tinto","status":"publish","type":"product","link":"https:\/\/theboardbarcelona.com\/es\/producto\/las-pizarras-fabla-vino-tinto\/","title":{"rendered":"Las Pizarras &#8211; Fabla (vino tinto)"},"content":{"rendered":"<p><a href=\"https:\/\/theboardbarcelona.com\/es\/producto\/las-pizarras-fabla-vino-tinto\/attachment\/ficha_tecnica_fabla_2021\/\" rel=\"attachment wp-att-2251\">Ficha_tecnica_Fabla_2021<\/a><\/p>\n<p>\"Calatayud es una regi\u00f3n vitivin\u00edcola situada a 90 km al sur de Zaragoza. Forma parte de la cordillera del Sistema Ib\u00e9rico compuesta por monta\u00f1as de valle y sus estribaciones y esculpida por varios afluentes del r\u00edo Ebro. Tiene unos suelos pedregosos y muy pobres en nutrientes y con una alta proporci\u00f3n de caliza, que son perfectos para la viticultura.<\/p>\n<p>Los vi\u00f1edos crecen en las laderas de las monta\u00f1as entre 600 y 1.040 metros. Las Pizarras es una colecci\u00f3n para descubrir el potencial de esta regi\u00f3n. Cada vino est\u00e1 destinado a darle un sorbo de los diferentes terru\u00f1os y uvas.<\/p>\n<p>Variedad de Uva: Garnacha Syrah<\/p>\n<p>Clasificaci\u00f3n: Calatayud DO<\/p>\n<p>A\u00f1o: 2021\"<\/p>","protected":false},"excerpt":{"rendered":"<p><a href=\"https:\/\/theboardbarcelona.com\/es\/producto\/las-pizarras-fabla-vino-tinto\/attachment\/ficha_tecnica_fabla_2021\/\"><em>Fabla Ficha T\u00e9cinca<\/em><\/a><\/p>\n<p>\"Calatayud es una regi\u00f3n vitivin\u00edcola situada a 90 km al sur de Zaragoza. Forma parte de la cordillera del Sistema Ib\u00e9rico compuesta por monta\u00f1as de valle y sus estribaciones y esculpida por varios afluentes del r\u00edo Ebro. Tiene unos suelos pedregosos y muy pobres en nutrientes y con una alta proporci\u00f3n de caliza, que son perfectos para la viticultura.<\/p>\n<p>Los vi\u00f1edos crecen en las laderas de las monta\u00f1as entre 600 y 1.040 metros. Las Pizarras es una colecci\u00f3n para descubrir el potencial de esta regi\u00f3n. Cada vino est\u00e1 destinado a darle un sorbo de los diferentes terru\u00f1os y uvas.<\/p>\n<p>Variedad de Uva: Garnacha Syrah<\/p>\n<p>Clasificaci\u00f3n: Calatayud DO<\/p>\n<p>A\u00f1o: 2021\"<\/p>\n<p><em>La venta de bebidas alcoh\u00f3licas a menores de 18 a\u00f1os est\u00e1 prohibida conforme al art\u00edculo 12 de la Ley 11\/2010, de 17 de junio, sobre la prevenci\u00f3n del consumo de alcohol en menores.<\/em><\/p>","protected":false},"featured_media":2299,"template":"","meta":[],"product_brand":[],"product_cat":[36],"product_tag":[],"class_list":{"0":"post-2250","1":"product","2":"type-product","3":"status-publish","4":"has-post-thumbnail","6":"product_cat-add-ons","8":"first","9":"instock","10":"taxable","11":"shipping-taxable","12":"purchasable","13":"product-type-simple"},"_links":{"self":[{"href":"https:\/\/theboardbarcelona.com\/es\/wp-json\/wp\/v2\/product\/2250","targetHints":{"allow":["GET"]}}],"collection":[{"href":"https:\/\/theboardbarcelona.com\/es\/wp-json\/wp\/v2\/product"}],"about":[{"href":"https:\/\/theboardbarcelona.com\/es\/wp-json\/wp\/v2\/types\/product"}],"wp:featuredmedia":[{"embeddable":true,"href":"https:\/\/theboardbarcelona.com\/es\/wp-json\/wp\/v2\/media\/2299"}],"wp:attachment":[{"href":"https:\/\/theboardbarcelona.com\/es\/wp-json\/wp\/v2\/media?parent=2250"}],"wp:term":[{"taxonomy":"product_brand","embeddable":true,"href":"https:\/\/theboardbarcelona.com\/es\/wp-json\/wp\/v2\/product_brand?post=2250"},{"taxonomy":"product_cat","embeddable":true,"href":"https:\/\/theboardbarcelona.com\/es\/wp-json\/wp\/v2\/product_cat?post=2250"},{"taxonomy":"product_tag","embeddable":true,"href":"https:\/\/theboardbarcelona.com\/es\/wp-json\/wp\/v2\/product_tag?post=2250"}],"curies":[{"name":"wp","href":"https:\/\/api.w.org\/{rel}","templated":true}]}}