{"id":2257,"date":"2023-08-07T09:07:07","date_gmt":"2023-08-07T09:07:07","guid":{"rendered":"https:\/\/theboardbarcelona.com\/?post_type=product&#038;p=2257"},"modified":"2024-04-07T17:08:48","modified_gmt":"2024-04-07T17:08:48","slug":"premium-selection-raices-albarin-vino-blanco","status":"publish","type":"product","link":"https:\/\/theboardbarcelona.com\/es\/producto\/premium-selection-raices-albarin-vino-blanco\/","title":{"rendered":"Premium Selection: Raices &#8211; Albar\u00edn  (vino blanco)"},"content":{"rendered":"<p><a href=\"https:\/\/theboardbarcelona.com\/es\/producto\/premium-selection-raices-albarin-vino-blanco\/attachment\/raices_albarin_2018\/\" rel=\"attachment wp-att-2258\">RAICES_Albarin_2018<\/a><\/p>\n<p>\"Ra\u00edces es una colecci\u00f3n de vinos para descubrir nuestra selecci\u00f3n de variedades aut\u00f3ctonas y 2 vinos \u00edcono, nuestro \u201ccoupage del en\u00f3logo\u201d. Trabajamos en m\u00e1s de 15 regiones vitivin\u00edcolas, zonas remotas, pueblos despoblados, vi\u00f1edos de altura, y buscamos darles identidad y valor a trav\u00e9s de nuestro vino.<\/p>\n<p>El albar\u00edn es una variedad de uva originaria de Asturias y que se expandi\u00f3 por Cantabria y Castilla y Le\u00f3n. Casi desapareci\u00f3 hasta que hace 10 a\u00f1os los viticultores comenzaron a replantarlo. Todav\u00eda se pueden encontrar vi\u00f1as de m\u00e1s de 100 a\u00f1os.<\/p>\n<p>Variedad de Uva: Albar\u00edn<\/p>\n<p>Classification: Tierra de Leon PDO<\/p>\n<p>A\u00f1o: 2018\"<\/p>","protected":false},"excerpt":{"rendered":"<p><a href=\"https:\/\/theboardbarcelona.com\/es\/producto\/premium-selection-raices-albarin-vino-blanco\/attachment\/raices_albarin_2018\/\"><em>Albar\u00edn Ficha T\u00e9cnica<\/em><\/a><\/p>\n<p>\"Ra\u00edces es una colecci\u00f3n de vinos para descubrir nuestra selecci\u00f3n de variedades aut\u00f3ctonas y 2 vinos \u00edcono, nuestro \u201ccoupage del en\u00f3logo\u201d. Trabajamos en m\u00e1s de 15 regiones vitivin\u00edcolas, zonas remotas, pueblos despoblados, vi\u00f1edos de altura, y buscamos darles identidad y valor a trav\u00e9s de nuestro vino.<\/p>\n<p>El albar\u00edn es una variedad de uva originaria de Asturias y que se expandi\u00f3 por Cantabria y Castilla y Le\u00f3n. Casi desapareci\u00f3 hasta que hace 10 a\u00f1os los viticultores comenzaron a replantarlo. Todav\u00eda se pueden encontrar vi\u00f1as de m\u00e1s de 100 a\u00f1os.<\/p>\n<p>Variedad de Uva: Albar\u00edn<\/p>\n<p>Classification: Tierra de Leon PDO<\/p>\n<p>A\u00f1o: 2018\"<\/p>","protected":false},"featured_media":2305,"template":"","meta":[],"product_brand":[],"product_cat":[36],"product_tag":[],"class_list":{"0":"post-2257","1":"product","2":"type-product","3":"status-publish","4":"has-post-thumbnail","6":"product_cat-add-ons","8":"first","9":"instock","10":"taxable","11":"shipping-taxable","12":"purchasable","13":"product-type-simple"},"_links":{"self":[{"href":"https:\/\/theboardbarcelona.com\/es\/wp-json\/wp\/v2\/product\/2257","targetHints":{"allow":["GET"]}}],"collection":[{"href":"https:\/\/theboardbarcelona.com\/es\/wp-json\/wp\/v2\/product"}],"about":[{"href":"https:\/\/theboardbarcelona.com\/es\/wp-json\/wp\/v2\/types\/product"}],"wp:featuredmedia":[{"embeddable":true,"href":"https:\/\/theboardbarcelona.com\/es\/wp-json\/wp\/v2\/media\/2305"}],"wp:attachment":[{"href":"https:\/\/theboardbarcelona.com\/es\/wp-json\/wp\/v2\/media?parent=2257"}],"wp:term":[{"taxonomy":"product_brand","embeddable":true,"href":"https:\/\/theboardbarcelona.com\/es\/wp-json\/wp\/v2\/product_brand?post=2257"},{"taxonomy":"product_cat","embeddable":true,"href":"https:\/\/theboardbarcelona.com\/es\/wp-json\/wp\/v2\/product_cat?post=2257"},{"taxonomy":"product_tag","embeddable":true,"href":"https:\/\/theboardbarcelona.com\/es\/wp-json\/wp\/v2\/product_tag?post=2257"}],"curies":[{"name":"wp","href":"https:\/\/api.w.org\/{rel}","templated":true}]}}