{"id":2266,"date":"2023-08-07T09:37:20","date_gmt":"2023-08-07T09:37:20","guid":{"rendered":"https:\/\/theboardbarcelona.com\/?post_type=product&#038;p=2266"},"modified":"2025-04-16T22:10:57","modified_gmt":"2025-04-16T20:10:57","slug":"premium-selection-las-pizarras-vina-alarba-vino-tinto","status":"publish","type":"product","link":"https:\/\/theboardbarcelona.com\/es\/producto\/premium-selection-las-pizarras-vina-alarba-vino-tinto\/","title":{"rendered":"Las Pizarras &#8211; Vi\u00f1a Alarba (vino tinto)"},"content":{"rendered":"<p><a href=\"https:\/\/theboardbarcelona.com\/es\/producto\/premium-selection-las-pizarras-vina-alarba-vino-tinto\/attachment\/ficha_tecnica_vina_alarba_2019\/\" rel=\"attachment wp-att-2267\">Ficha_tecnica_Vina_Alarba_2019<\/a><\/p>\n<p>\"El Caracter no es coincidencia. Suelos de pizarra en laderas de altitud, donde viejas vides de garnacha y syrah muestran todo su esplendor.<\/p>\n<div class=\"ContentPasted34\">Vino de Pueblo. Alarba es un peque\u00f1o pueblo de menos de 130 habitantes, situado a los pies de la Sierra de Pardos a unos 850 metros sobre el nivel del mar. Vides de m\u00e1s de 60 a\u00f1os, con rendimientos bajos, pero con una concentraci\u00f3n y un color sorprendentes.<\/div>\n<div class=\"ContentPasted34\"><\/div>\n<div class=\"ContentPasted34\"><\/div>\n<div class=\"ContentPasted34\">Variedad de Uva: Garnacha<\/div>\n<div><\/div>\n<div class=\"ContentPasted34\">Clasificaci\u00f3n: Calatayud DO<\/div>\n<p>A\u00f1o: 2020\"<\/p>","protected":false},"excerpt":{"rendered":"<p><a href=\"https:\/\/theboardbarcelona.com\/es\/producto\/premium-selection-las-pizarras-vina-alarba-vino-tinto\/attachment\/ficha_tecnica_vina_alarba_2019\/\"><em>Vi\u00f1a Alarba Ficha T\u00e9cnica<\/em><\/a><\/p>\n<p>\"El Caracter no es coincidencia. Suelos de pizarra en laderas de altitud, donde viejas vides de garnacha y syrah muestran todo su esplendor.<\/p>\n<div class=\"ContentPasted34\">Vino de Pueblo. Alarba es un peque\u00f1o pueblo de menos de 130 habitantes, situado a los pies de la Sierra de Pardos a unos 850 metros sobre el nivel del mar. Vides de m\u00e1s de 60 a\u00f1os, con rendimientos bajos, pero con una concentraci\u00f3n y un color sorprendentes.<\/div>\n<div class=\"ContentPasted34\"><\/div>\n<div class=\"ContentPasted34\"><\/div>\n<div class=\"ContentPasted34\">Variedad de Uva: Garnacha<\/div>\n<div><\/div>\n<div class=\"ContentPasted34\">Clasificaci\u00f3n: Calatayud DO<\/div>\n<p>A\u00f1o: 2020\"<\/p>\n<p><em>La venta de bebidas alcoh\u00f3licas a menores de 18 a\u00f1os est\u00e1 prohibida conforme al art\u00edculo 12 de la Ley 11\/2010, de 17 de junio, sobre la prevenci\u00f3n del consumo de alcohol en menores.<\/em><\/p>","protected":false},"featured_media":2304,"template":"","meta":[],"product_brand":[],"product_cat":[36],"product_tag":[],"class_list":{"0":"post-2266","1":"product","2":"type-product","3":"status-publish","4":"has-post-thumbnail","6":"product_cat-add-ons","8":"first","9":"instock","10":"taxable","11":"shipping-taxable","12":"purchasable","13":"product-type-simple"},"_links":{"self":[{"href":"https:\/\/theboardbarcelona.com\/es\/wp-json\/wp\/v2\/product\/2266","targetHints":{"allow":["GET"]}}],"collection":[{"href":"https:\/\/theboardbarcelona.com\/es\/wp-json\/wp\/v2\/product"}],"about":[{"href":"https:\/\/theboardbarcelona.com\/es\/wp-json\/wp\/v2\/types\/product"}],"wp:featuredmedia":[{"embeddable":true,"href":"https:\/\/theboardbarcelona.com\/es\/wp-json\/wp\/v2\/media\/2304"}],"wp:attachment":[{"href":"https:\/\/theboardbarcelona.com\/es\/wp-json\/wp\/v2\/media?parent=2266"}],"wp:term":[{"taxonomy":"product_brand","embeddable":true,"href":"https:\/\/theboardbarcelona.com\/es\/wp-json\/wp\/v2\/product_brand?post=2266"},{"taxonomy":"product_cat","embeddable":true,"href":"https:\/\/theboardbarcelona.com\/es\/wp-json\/wp\/v2\/product_cat?post=2266"},{"taxonomy":"product_tag","embeddable":true,"href":"https:\/\/theboardbarcelona.com\/es\/wp-json\/wp\/v2\/product_tag?post=2266"}],"curies":[{"name":"wp","href":"https:\/\/api.w.org\/{rel}","templated":true}]}}