{"id":2270,"date":"2023-08-07T09:51:35","date_gmt":"2023-08-07T09:51:35","guid":{"rendered":"https:\/\/theboardbarcelona.com\/?post_type=product&#038;p=2270"},"modified":"2025-04-16T22:10:26","modified_gmt":"2025-04-16T20:10:26","slug":"carlos-ruben-bassin-brut-salvaje","status":"publish","type":"product","link":"https:\/\/theboardbarcelona.com\/es\/producto\/carlos-ruben-bassin-brut-salvaje\/","title":{"rendered":"Carlos Ruben &#8211; Bassin Brut Salvaje"},"content":{"rendered":"<p><a href=\"https:\/\/theboardbarcelona.com\/es\/producto\/carlos-ruben-bassin-brut-salvaje\/attachment\/bassinbrutfichatecnica\/\"><i>Bassin Brut Ficha T\u00e9cnica<\/i><\/a><\/p>\n<p>\"En B\u00e9ziers uno puede toparse con los \u00faltimos vestigios de los galets roul\u00e9s, los t\u00edpicos guijarros gruesos del R\u00f3dano de Ch\u00e2teauneuf-du-Pape. Aqu\u00ed encontramos una hermosa garnacha blanca, completamente diferente a la de Batea. Muy mediterr\u00e1neo, rico y mineral a la vez, el maridaje perfecto con las acidez de Batea, que a\u00fan persist\u00edan en mi mente. Un coupage que ser\u00eda la base perfecta para una garnacha elegante y chispeante.<\/p>\n<p>Variedad de Uva: Garnacha<\/p>\n<p>Clasificaci\u00f3n: Vino Varietal UE<\/p>\n<p>A\u00f1o: 2019\"<\/p>","protected":false},"excerpt":{"rendered":"<p><em><a href=\"https:\/\/theboardbarcelona.com\/es\/producto\/carlos-ruben-bassin-brut-salvaje\/attachment\/bassinbrutfichatecnica\/\" rel=\"attachment wp-att-2272\">Bassin Brut Ficha T\u00e9cnica<\/a><\/em><\/p>\n<p>\"En B\u00e9ziers uno puede toparse con los \u00faltimos vestigios de los galets roul\u00e9s, los t\u00edpicos guijarros gruesos del R\u00f3dano de Ch\u00e2teauneuf-du-Pape. Aqu\u00ed encontramos una hermosa garnacha blanca, completamente diferente a la de Batea. Muy mediterr\u00e1neo, rico y mineral a la vez, el maridaje perfecto con las acidez de Batea, que a\u00fan persist\u00edan en mi mente. Un coupage que ser\u00eda la base perfecta para una garnacha elegante y chispeante.<\/p>\n<p>Variedad de Uva: Garnacha<\/p>\n<p>Clasificaci\u00f3n: Vino Varietal UE<\/p>\n<p>A\u00f1o: 2019\"<\/p>\n<p><em>La venta de bebidas alcoh\u00f3licas a menores de 18 a\u00f1os est\u00e1 prohibida conforme al art\u00edculo 12 de la Ley 11\/2010, de 17 de junio, sobre la prevenci\u00f3n del consumo de alcohol en menores.<\/em><\/p>","protected":false},"featured_media":2302,"template":"","meta":[],"product_brand":[],"product_cat":[36],"product_tag":[],"class_list":{"0":"post-2270","1":"product","2":"type-product","3":"status-publish","4":"has-post-thumbnail","6":"product_cat-add-ons","8":"first","9":"instock","10":"taxable","11":"shipping-taxable","12":"purchasable","13":"product-type-simple"},"_links":{"self":[{"href":"https:\/\/theboardbarcelona.com\/es\/wp-json\/wp\/v2\/product\/2270","targetHints":{"allow":["GET"]}}],"collection":[{"href":"https:\/\/theboardbarcelona.com\/es\/wp-json\/wp\/v2\/product"}],"about":[{"href":"https:\/\/theboardbarcelona.com\/es\/wp-json\/wp\/v2\/types\/product"}],"wp:featuredmedia":[{"embeddable":true,"href":"https:\/\/theboardbarcelona.com\/es\/wp-json\/wp\/v2\/media\/2302"}],"wp:attachment":[{"href":"https:\/\/theboardbarcelona.com\/es\/wp-json\/wp\/v2\/media?parent=2270"}],"wp:term":[{"taxonomy":"product_brand","embeddable":true,"href":"https:\/\/theboardbarcelona.com\/es\/wp-json\/wp\/v2\/product_brand?post=2270"},{"taxonomy":"product_cat","embeddable":true,"href":"https:\/\/theboardbarcelona.com\/es\/wp-json\/wp\/v2\/product_cat?post=2270"},{"taxonomy":"product_tag","embeddable":true,"href":"https:\/\/theboardbarcelona.com\/es\/wp-json\/wp\/v2\/product_tag?post=2270"}],"curies":[{"name":"wp","href":"https:\/\/api.w.org\/{rel}","templated":true}]}}