{"id":275,"date":"2022-10-11T10:07:22","date_gmt":"2022-10-11T10:07:22","guid":{"rendered":"https:\/\/theboardbarcelona.com\/?post_type=product&#038;p=275"},"modified":"2026-03-16T15:46:37","modified_gmt":"2026-03-16T14:46:37","slug":"standard-board","status":"publish","type":"product","link":"https:\/\/theboardbarcelona.com\/es\/producto\/standard-board\/","title":{"rendered":"Standard Grazing Board"},"content":{"rendered":"<ul>\n<li>O bien una <strong>Tabla Standard de queso y embutido:<\/strong> \u00a1Nuestra tabla de picoteo est\u00e1ndar te impresionar\u00e1! Incluye 5 quesos, 2 tipos de embutidos 100% ib\u00e9ricos, aceitunas, <span class=\"NormalTextRun SCXW137011731 BCX0\">rotaci\u00f3n estacional de fruta fresca,<\/span>fruta deshidratada, frutos secos, panal de miel y un toque de decoraci\u00f3n.<\/li>\n<li>O una<strong> Tabla Standard de queso:<\/strong> \u00bfNo eres fan de los embutidos? \u00a1No pasa nada! Esta tabla incluye 6 tipos de queso, aceitunas, <span class=\"NormalTextRun SCXW137011731 BCX0\">rotaci\u00f3n estacional de fruta fresca,<\/span>fruta deshidratada, frutos secos, panal de miel y un toque de decoraci\u00f3n.<\/li>\n<\/ul>\n<p>Como seleccionamos nuestros productos cada semana y algunos acompa\u00f1amientos son de temporada, pueden variar seg\u00fan disponibilidad. Esto aplica especialmente a las flores comestibles.<\/p>\n<p>Nuestras tablas se disfrutan mejor el mismo d\u00eda de la entrega. Para saborear los quesos en su punto \u00f3ptimo, ret\u00edralos del frigor\u00edfico una hora antes de servir.<\/p>","protected":false},"excerpt":{"rendered":"<p style=\"text-align: center;\" class=\"translation-block\"><p>Nunca has probado una tabla como esta. Esta <strong>tabla de quesos artesanal exclusiva<\/strong> lleva capas y capas de los <strong>mejores ingredientes<\/strong>, procedentes de <strong>productores locales<\/strong> y <strong>artesanos<\/strong>. Se sirve sobre una tabla de madera de mango <strong>reutilizable de 32x26\u00a0cm<\/strong>.<\/p><\/p>\n<p style=\"text-align: center;\"><i>Peso aproximado:\u00a0<\/i>\u2248\u00a0<i>1.3-1,4kg<\/i><\/p>\n<p style=\"text-align: center;\">Dise\u00f1ada para <strong>8-10 personas<\/strong> como pica pica.<\/p>\n<p><img loading=\"lazy\" decoding=\"async\" class=\"aligncenter wp-image-9813\" src=\"https:\/\/theboardbarcelona.com\/wp-content\/uploads\/2025\/05\/TBB-Grazing-Icons-1.png\" alt=\"\" width=\"150\" height=\"50\" srcset=\"https:\/\/theboardbarcelona.com\/wp-content\/uploads\/2025\/05\/TBB-Grazing-Icons-1.png 300w, https:\/\/theboardbarcelona.com\/wp-content\/uploads\/2025\/05\/TBB-Grazing-Icons-1-18x6.png 18w\" sizes=\"auto, (max-width: 150px) 100vw, 150px\" \/><\/p>\n<p style=\"text-align: center;\"><strong><span style=\"text-decoration: underline;\">Elige Entre:<\/span><\/strong><\/p>\n<p style=\"text-align: center;\" class=\"translation-block\"><p><strong>Original<\/strong> (Quesos y Embutidos) o <strong>Vegetariana<\/strong><\/p><\/p>\n<h5 style=\"text-align: center;\"><em>Selecciona tu producto a continuaci\u00f3n para leer las descripciones espec\u00edficas.<\/em><\/h5>\n<p>&nbsp;<\/p>\n<p style=\"text-align: center;\">&#8211; &#8211; &#8211;<\/p>\n<p style=\"text-align: left;\"><span style=\"text-decoration: underline;\"><strong>Nuestra Standard Grazing Board Incluye:<\/strong><\/span><\/p>\n<p style=\"text-align: left;\" class=\"translation-block\">Una abundante selecci\u00f3n de <strong>uvas frescas<\/strong>, <strong>aceitunas <\/strong>sicilianas, <strong>fruta <\/strong> de temporada, <strong>almendras<\/strong>, <strong>nueces<\/strong> y <strong>flores comestibles <\/strong> de temporada, adem\u00e1s de:<br><br>\n\n<strong>Fermi\u00f3 La Balda<\/strong> Queso suave ecol\u00f3gico con corteza florida comestible, elaborado con leche cruda de vaca<\/em><\/p>\n<p style=\"text-align: left;\" class=\"translation-block\"><span class=\"OYPEnA font-feature-liga-off font-feature-clig-off font-feature-calt-off text-decoration-none text-strikethrough-none\"><strong>Garrotxa Bauma<\/strong> <em>Un<\/em><\/span><em><span class=\"OYPEnA font-feature-liga-off font-feature-clig-off font-feature-calt-off text-decoration-none text-strikethrough-none\"> queso madurado de cabra con toques a nuece, de textura cremosa pero compacta. <\/span><span class=\"OYPEnA font-feature-liga-off font-feature-clig-off font-feature-calt-off text-decoration-none text-strikethrough-none\">Medalla de oro, World Cheese Awards 2009<\/span><\/em><\/p>\n<p style=\"text-align: left;\"><span class=\"OYPEnA font-feature-liga-off font-feature-clig-off font-feature-calt-off text-decoration-none text-strikethrough-none\"><strong>Mimolette<\/strong> <\/span><em><span class=\"OYPEnA font-feature-liga-off font-feature-clig-off font-feature-calt-off text-decoration-none text-strikethrough-none\">Queso duro de leche de vaca, originario de Normand\u00eda. De sabor intenso y textura firme. <\/span><\/em><span class=\"OYPEnA font-feature-liga-off font-feature-clig-off font-feature-calt-off text-decoration-none text-strikethrough-none\"><em>Un queso s\u00faper premiado, incluyendo un S\u00faper Oro, dos Oros y tres Platas en los World Cheese Awards 2023, adem\u00e1s de premios en los Premios Alimentos de Espa\u00f1a<\/em><\/span><\/p>\n<p style=\"text-align: left;\"><span class=\"OYPEnA font-feature-liga-off font-feature-clig-off font-feature-calt-off text-decoration-none text-strikethrough-none\"><strong>Comte 18M<\/strong> <em>Madurado 18 meses en el Jura, este cl\u00e1sico franc\u00e9s destaca por sus notas a nuez y mantequilla y un final refinado.<\/em><\/span><\/p>\n<p style=\"text-align: left;\"><span class=\"OYPEnA font-feature-liga-off font-feature-clig-off font-feature-calt-off text-decoration-none text-strikethrough-none\"><strong>Tacat de T\u00f2fona<\/strong> <\/span><span class=\"OYPEnA font-feature-liga-off font-feature-clig-off font-feature-calt-off text-decoration-none text-strikethrough-none\"><em>Queso de oveja con trufa, de leche cruda, elaborado en La Cleda<\/em>, <\/span><span class=\"OYPEnA font-feature-liga-off font-feature-clig-off font-feature-calt-off text-decoration-none text-strikethrough-none\"><em>Bronze Medal at the 2018 World Cheese Awards<\/em><\/span><\/p>\n<p style=\"text-align: left;\"><span class=\"OYPEnA font-feature-liga-off font-feature-clig-off font-feature-calt-off text-decoration-none text-strikethrough-none\"><strong>Mas Farro<\/strong>\u00a0<\/span><em><span class=\"OYPEnA font-feature-liga-off font-feature-clig-off font-feature-calt-off text-decoration-none text-strikethrough-none\">Un queso tradicional catal\u00e1n elaborado en la Vall de Bianya, recuperado a finales del siglo pasado<\/span><\/em><\/p>\n<p style=\"text-align: left;\" class=\"translation-block\"><strong>Blau Ceret\u00e0<\/strong><em> de Mol\u00ed de Ger es un exquisito queso azul elaborado en La Cerdanya, en los Pirineos catalanes, a partir de leche cruda de vaca y madurado suavemente para desarrollar sus finas vetas azules. Rico pero elegante, ofrece una textura cremosa con un delicado toque especiado y un final perfectamente equilibrado y lleno de sabor.<br>\n<\/em><\/p>\n<p style=\"text-align: left;\">&#8212;<\/p>\n<p style=\"text-align: left;\" data-start=\"321\" data-end=\"475\" class=\"translation-block\">Selecci\u00f3n cuidadosamente curada de <strong>embutido europea excepcional<\/strong>, escogida por su tradici\u00f3n, su artesan\u00eda y la riqueza de sus sabores.<\/p>\n<p style=\"text-align: left;\" data-start=\"875\" data-end=\"1248\" class=\"translation-block\"><strong>Carrasco Salchich\u00f3n Ib\u00e9rico:<\/strong><em> Elaborado por la reconocida familia Carrasco, este salchich\u00f3n refleja generaciones de maestr\u00eda charcutera. Curado lentamente al aire en el clima de monta\u00f1a de Salamanca y condimentado simplemente con pimienta negra, ofrece una textura elegante y una profundidad arom\u00e1tica refinada.<\/em><\/p>\n<p style=\"text-align: left;\" data-start=\"1250\" data-end=\"1558\" class=\"translation-block\"><strong>Coppa Italiana:<\/strong><em> Especialidad tradicional del norte de Italia, la coppa se elabora a partir de carne de cerdo cuidadosamente seleccionada, condimentada y curada lentamente al aire siguiendo t\u00e9cnicas artesanales transmitidas durante generaciones.<\/em><\/p>\n<p style=\"text-align: left;\"><em><span class=\"OYPEnA font-feature-liga-off font-feature-clig-off font-feature-calt-off text-decoration-none text-strikethrough-none\">\u00a0<\/span><\/em><\/p>","protected":false},"featured_media":7154,"template":"","meta":[],"product_brand":[],"product_cat":[96],"product_tag":[],"class_list":{"0":"post-275","1":"product","2":"type-product","3":"status-publish","4":"has-post-thumbnail","6":"product_cat-grazing-boards-2025","8":"first","9":"instock","10":"taxable","11":"shipping-taxable","12":"purchasable","13":"product-type-variable"},"_links":{"self":[{"href":"https:\/\/theboardbarcelona.com\/es\/wp-json\/wp\/v2\/product\/275","targetHints":{"allow":["GET"]}}],"collection":[{"href":"https:\/\/theboardbarcelona.com\/es\/wp-json\/wp\/v2\/product"}],"about":[{"href":"https:\/\/theboardbarcelona.com\/es\/wp-json\/wp\/v2\/types\/product"}],"wp:featuredmedia":[{"embeddable":true,"href":"https:\/\/theboardbarcelona.com\/es\/wp-json\/wp\/v2\/media\/7154"}],"wp:attachment":[{"href":"https:\/\/theboardbarcelona.com\/es\/wp-json\/wp\/v2\/media?parent=275"}],"wp:term":[{"taxonomy":"product_brand","embeddable":true,"href":"https:\/\/theboardbarcelona.com\/es\/wp-json\/wp\/v2\/product_brand?post=275"},{"taxonomy":"product_cat","embeddable":true,"href":"https:\/\/theboardbarcelona.com\/es\/wp-json\/wp\/v2\/product_cat?post=275"},{"taxonomy":"product_tag","embeddable":true,"href":"https:\/\/theboardbarcelona.com\/es\/wp-json\/wp\/v2\/product_tag?post=275"}],"curies":[{"name":"wp","href":"https:\/\/api.w.org\/{rel}","templated":true}]}}