{"id":4668,"date":"2024-03-09T22:29:26","date_gmt":"2024-03-09T22:29:26","guid":{"rendered":"https:\/\/theboardbarcelona.com\/?post_type=product&#038;p=4668"},"modified":"2026-03-16T16:14:04","modified_gmt":"2026-03-16T15:14:04","slug":"brownie-board","status":"publish","type":"product","link":"https:\/\/theboardbarcelona.com\/es\/producto\/brownie-board\/","title":{"rendered":"Brownie Board"},"content":{"rendered":"<p><span>Deliciosos brownies de chocolate, jugosos y fundentes, cortados en peque\u00f1os bocados, presentados sobre una tabla de madera reutilizable y decorados con flores comestibles.<\/span><\/p>","protected":false},"excerpt":{"rendered":"<p><span>Deliciosos brownies de chocolate, jugosos y fundentes, cortados en peque\u00f1os bocados, presentados sobre una tabla de madera reutilizable y decorados con flores comestibles.<\/span><\/p>\n<p>&nbsp;<\/p>\n<p><span style=\"text-decoration: underline;\"><strong>Standard Brownie Board:<\/strong><\/span><\/p>\n<p>1,180g-1,280g de brownie, cortado en bocaditos de 3x3cm. <em>Aproximadamente 60-64 piezas.<\/em><\/p>\n<p>Recomendado para entre 10 y 30 personas, seg\u00fan el tama\u00f1o de tu reuni\u00f3n y la cantidad de postre que desees ofrecer.<\/p>\n<p>&nbsp;<\/p>\n<p><span style=\"text-decoration: underline;\"><strong>Large Brownie Board:<\/strong><\/span><\/p>\n<p>3,340-3,440g de brownie, cortado en bocaditos de 3x3cm. <em>Aproximadamente 165-170 piezas.<\/em><\/p>\n<p><span>Recomendado para entre 32 y 60 personas, seg\u00fan el tama\u00f1o de tu reuni\u00f3n y la cantidad de postre que desees ofrecer.<\/span><\/p>\n<p><img loading=\"lazy\" decoding=\"async\" class=\"alignnone size-full wp-image-11230\" style=\"font-family: -apple-system, BlinkMacSystemFont, 'Segoe UI', Roboto, 'Helvetica Neue', Arial, 'Noto Sans', sans-serif, 'Apple Color Emoji', 'Segoe UI Emoji', 'Segoe UI Symbol', 'Noto Color Emoji';\" src=\"https:\/\/theboardbarcelona.com\/wp-content\/uploads\/2025\/01\/TBB-Grazing-Icons-400-x-200-px-300-x-100-px.jpg\" alt=\"\" width=\"300\" height=\"100\" srcset=\"https:\/\/theboardbarcelona.com\/wp-content\/uploads\/2025\/01\/TBB-Grazing-Icons-400-x-200-px-300-x-100-px.jpg 300w, https:\/\/theboardbarcelona.com\/wp-content\/uploads\/2025\/01\/TBB-Grazing-Icons-400-x-200-px-300-x-100-px-18x6.jpg 18w\" sizes=\"auto, (max-width: 300px) 100vw, 300px\" \/><\/p>","protected":false},"featured_media":6830,"template":"","meta":[],"product_brand":[],"product_cat":[56,131],"product_tag":[],"class_list":{"0":"post-4668","1":"product","2":"type-product","3":"status-publish","4":"has-post-thumbnail","6":"product_cat-brownie-board","7":"product_cat-other-boards-products-2025","9":"first","10":"instock","11":"taxable","12":"shipping-taxable","13":"purchasable","14":"product-type-variable"},"_links":{"self":[{"href":"https:\/\/theboardbarcelona.com\/es\/wp-json\/wp\/v2\/product\/4668","targetHints":{"allow":["GET"]}}],"collection":[{"href":"https:\/\/theboardbarcelona.com\/es\/wp-json\/wp\/v2\/product"}],"about":[{"href":"https:\/\/theboardbarcelona.com\/es\/wp-json\/wp\/v2\/types\/product"}],"wp:featuredmedia":[{"embeddable":true,"href":"https:\/\/theboardbarcelona.com\/es\/wp-json\/wp\/v2\/media\/6830"}],"wp:attachment":[{"href":"https:\/\/theboardbarcelona.com\/es\/wp-json\/wp\/v2\/media?parent=4668"}],"wp:term":[{"taxonomy":"product_brand","embeddable":true,"href":"https:\/\/theboardbarcelona.com\/es\/wp-json\/wp\/v2\/product_brand?post=4668"},{"taxonomy":"product_cat","embeddable":true,"href":"https:\/\/theboardbarcelona.com\/es\/wp-json\/wp\/v2\/product_cat?post=4668"},{"taxonomy":"product_tag","embeddable":true,"href":"https:\/\/theboardbarcelona.com\/es\/wp-json\/wp\/v2\/product_tag?post=4668"}],"curies":[{"name":"wp","href":"https:\/\/api.w.org\/{rel}","templated":true}]}}