{"id":4669,"date":"2024-03-09T22:30:42","date_gmt":"2024-03-09T22:30:42","guid":{"rendered":"https:\/\/theboardbarcelona.com\/?post_type=product&#038;p=4669"},"modified":"2026-03-16T16:13:56","modified_gmt":"2026-03-16T15:13:56","slug":"cheesecake-brownie-bites-board","status":"publish","type":"product","link":"https:\/\/theboardbarcelona.com\/es\/producto\/cheesecake-brownie-bites-board\/","title":{"rendered":"Cheesecake &#038; Brownie Bites Board"},"content":{"rendered":"<p><span>Brownies de chocolate con textura jugosa y fundente, cortados en porciones y dispuestos junto a irresistibles bocados de tarta de queso artesanal. Todo colocado lado a lado sobre una tabla de madera reutilizable y decorado con flores comestibles.<\/span><\/p>","protected":false},"excerpt":{"rendered":"<p><span>Brownies de chocolate con textura jugosa y fundente, cortados en porciones y dispuestos junto a irresistibles bocados de tarta de queso artesanal. Todo colocado lado a lado sobre una tabla de madera reutilizable y decorado con flores comestibles.<\/span><\/p>\n<p>&nbsp;<\/p>\n<p><span style=\"text-decoration: underline;\"><strong>Standard Brownie &amp; Cheesecake Board:<\/strong><\/span><\/p>\n<p>Brownie &amp; Cheesecake, cortado en bocaditos de 3x3cm. <em>Aproximadamente 82-86 piezas.<\/em><\/p>\n<p>Recomendado para entre 10 y 30 personas, seg\u00fan el tama\u00f1o de tu reuni\u00f3n y la cantidad de postre que desees ofrecer.<\/p>\n<p>&nbsp;<\/p>\n<p><span style=\"text-decoration: underline;\"><strong>Large Brownie &amp; Cheesecake Board:<\/strong><\/span><\/p>\n<p>Brownie &amp; Cheesecake, cortado en bocaditos de 3x3cm. <em>Aproximadamente 156-160 piezas.<\/em><\/p>\n<p>Recomendado para entre 32 y 50 personas, seg\u00fan el tama\u00f1o de tu reuni\u00f3n y la cantidad de postre que desees ofrecer.<\/p>\n<p><img loading=\"lazy\" decoding=\"async\" class=\"alignnone size-full wp-image-11230\" style=\"font-family: -apple-system, BlinkMacSystemFont, 'Segoe UI', Roboto, 'Helvetica Neue', Arial, 'Noto Sans', sans-serif, 'Apple Color Emoji', 'Segoe UI Emoji', 'Segoe UI Symbol', 'Noto Color Emoji';\" src=\"https:\/\/theboardbarcelona.com\/wp-content\/uploads\/2025\/01\/TBB-Grazing-Icons-400-x-200-px-300-x-100-px.jpg\" alt=\"\" width=\"300\" height=\"100\" srcset=\"https:\/\/theboardbarcelona.com\/wp-content\/uploads\/2025\/01\/TBB-Grazing-Icons-400-x-200-px-300-x-100-px.jpg 300w, https:\/\/theboardbarcelona.com\/wp-content\/uploads\/2025\/01\/TBB-Grazing-Icons-400-x-200-px-300-x-100-px-18x6.jpg 18w\" sizes=\"auto, (max-width: 300px) 100vw, 300px\" \/><\/p>","protected":false},"featured_media":5931,"template":"","meta":[],"product_brand":[],"product_cat":[131],"product_tag":[],"class_list":{"0":"post-4669","1":"product","2":"type-product","3":"status-publish","4":"has-post-thumbnail","6":"product_cat-other-boards-products-2025","8":"first","9":"instock","10":"taxable","11":"shipping-taxable","12":"purchasable","13":"product-type-variable"},"_links":{"self":[{"href":"https:\/\/theboardbarcelona.com\/es\/wp-json\/wp\/v2\/product\/4669","targetHints":{"allow":["GET"]}}],"collection":[{"href":"https:\/\/theboardbarcelona.com\/es\/wp-json\/wp\/v2\/product"}],"about":[{"href":"https:\/\/theboardbarcelona.com\/es\/wp-json\/wp\/v2\/types\/product"}],"wp:featuredmedia":[{"embeddable":true,"href":"https:\/\/theboardbarcelona.com\/es\/wp-json\/wp\/v2\/media\/5931"}],"wp:attachment":[{"href":"https:\/\/theboardbarcelona.com\/es\/wp-json\/wp\/v2\/media?parent=4669"}],"wp:term":[{"taxonomy":"product_brand","embeddable":true,"href":"https:\/\/theboardbarcelona.com\/es\/wp-json\/wp\/v2\/product_brand?post=4669"},{"taxonomy":"product_cat","embeddable":true,"href":"https:\/\/theboardbarcelona.com\/es\/wp-json\/wp\/v2\/product_cat?post=4669"},{"taxonomy":"product_tag","embeddable":true,"href":"https:\/\/theboardbarcelona.com\/es\/wp-json\/wp\/v2\/product_tag?post=4669"}],"curies":[{"name":"wp","href":"https:\/\/api.w.org\/{rel}","templated":true}]}}