{"id":6688,"date":"2025-01-07T12:06:37","date_gmt":"2025-01-07T11:06:37","guid":{"rendered":"https:\/\/theboardbarcelona.com\/?post_type=product&#038;p=6688"},"modified":"2025-03-14T18:01:42","modified_gmt":"2025-03-14T17:01:42","slug":"workshop-24-01-25","status":"publish","type":"product","link":"https:\/\/theboardbarcelona.com\/es\/producto\/workshop-24-01-25\/","title":{"rendered":"Grazing Board Workshop Experience"},"content":{"rendered":"<h4><a href=\"https:\/\/theboardbarcelona.com\/es\/workshops\/\">Antes de reservar, aseg\u00farate de leer los detalles del taller, el men\u00fa y los t\u00e9rminos y condiciones.<\/a><\/h4>\n<p style=\"text-align: center;\">","protected":false},"excerpt":{"rendered":"<p style=\"text-align: center;\"><em>(71,07\u20ac sin IVA)<\/em><\/p>\n<p style=\"text-align: center;\"><span style=\"text-decoration: underline;\"><b>viernes, 14 de marzo de 19-21h<\/b><\/span><\/p>\n<p style=\"text-align: center;\"><strong>Taller y Experiencia de Grazing Boards: Una Experiencia Premium y Pr\u00e1ctica Donde Te Invitamos a Reunirte Alrededor de Nuestra Mesa<\/strong><\/p>\n<p style=\"text-align: center;\">\u00a1Descubre el primer y mejor taller de este tipo en el coraz\u00f3n de Barcelona! Guiado por el equipo experto de The Board Barcelona, este taller pr\u00e1ctico te ofrece no solo habilidades, sino una experiencia memorable y \u00fanica, perfecta para los amantes de la gastronom\u00eda que valoran la creatividad y la calidad.<\/p>\n<p style=\"text-align: center;\">Usando las t\u00e9cnicas exclusivas de grazing boards de The Board Barcelona, crear\u00e1s una impresionante Grazing Board con los mejores ingredientes artesanales, seleccionados de productores locales y reconocidos. Aprende a dise\u00f1ar tablas que no solo sean deliciosas, sino tambi\u00e9n visualmente espectaculares, una habilidad creativa que disfrutar\u00e1s mucho tiempo despu\u00e9s del taller.<\/p>\n<p>&nbsp;<\/p>\n<p style=\"text-align: center;\"><span style=\"text-decoration: underline;\"><strong>Qu\u00e9 Hace Este Taller Especial:<\/strong><\/span><\/p>\n<p style=\"text-align: center;\"><span style=\"text-decoration: underline;\">Exclusividad:<\/span><\/p>\n<p style=\"text-align: center;\">El primer y m\u00e1s refinado taller de este tipo en Barcelona. Es un taller recreativo, dise\u00f1ado para quienes desean celebrar la comida como arte comestible, no para uso profesional o empresarial.<\/p>\n<p style=\"text-align: center;\"><span style=\"text-decoration: underline;\">Ingredientes Premium:<\/span><\/p>\n<p style=\"text-align: center;\">Cada tabla incluye 3 quesos artesanales y embutidos Carrasco Ib\u00e9ricos, asegurando que cada bocado sea excepcional.<\/p>\n<p style=\"text-align: center;\"><span style=\"text-decoration: underline;\">Gu\u00eda Experta:<\/span><\/p>\n<p style=\"text-align: center;\">Aprende de los conocimientos de nuestro equipo profesional, que han sido destacados en Elle Gourmet, El Peri\u00f3dico, Women Madame Figaro y muchos m\u00e1s.<\/p>\n<p style=\"text-align: center;\"><span style=\"text-decoration: underline;\">Experiencia para Llevar:<\/span><\/p>\n<p style=\"text-align: center;\">Te llevar\u00e1s tu Grazing Board empaquetada, lista para disfrutar con amigos o familia.<\/p>\n<p style=\"text-align: center;\"><span style=\"text-decoration: underline;\">Ambiente Social y Divertido:<\/span><\/p>\n<p style=\"text-align: center;\">Disfruta de vino, cava, agua y snacks ligeros mientras trabajas, creando una experiencia culinaria inolvidable.<\/p>\n<p>&nbsp;<\/p>\n<p style=\"text-align: center;\"><span style=\"text-decoration: underline;\"><strong>Detalles del Taller:<\/strong><\/span><\/p>\n<p style=\"text-align: center;\"><span style=\"text-decoration: underline;\"><b><\/b>Duraci\u00f3n:<\/span><\/p>\n<p style=\"text-align: center;\">Aproximadamente 2 horas (m\u00e1s tiempo para disfrutar de bebidas y conversaci\u00f3n).<\/p>\n<p style=\"text-align: center;\"><span style=\"text-decoration: underline;\">Ubicaci\u00f3n:<\/span><\/p>\n<p style=\"text-align: center;\">En el espacio boutique de The Board Barcelona, un lugar acogedor y creativo.<\/p>\n<p style=\"text-align: center;\"><span style=\"text-decoration: underline;\">Incluye:<\/span><\/p>\n<p style=\"text-align: center;\">Todas las herramientas e ingredientes.<\/p>\n<p style=\"text-align: center;\">Expert guidance and hands-on experience<\/p>\n<p style=\"text-align: center;\">Bebidas y snacks ligeros durante la velada.<\/p>\n<p>&nbsp;<\/p>\n<p style=\"text-align: center;\"><span style=\"text-decoration: underline;\"><strong>Nota Importante:<\/strong><\/span><\/p>\n<p style=\"text-align: center;\"><strong>Este taller est\u00e1 dise\u00f1ado como una actividad divertida y social, no como una formaci\u00f3n profesional.<\/strong><\/p>\n<p style=\"text-align: center;\">Es perfecto para individuos o grupos que disfrutan reuni\u00e9ndose alrededor de la comida, explorando su creatividad y saboreando ingredientes premium.<\/p>\n<p style=\"text-align: center;\">Por 86\u20ac por persona, este taller te ofrece una oportunidad inigualable para sumergirte en la alegr\u00eda de la creatividad culinaria mientras llevas a casa una muestra de la mejor cultura gastron\u00f3mica de Barcelona. \u00a1Las plazas son limitadas, reserva ahora para asegurar la tuya!<\/p>","protected":false},"featured_media":6689,"template":"","meta":[],"product_brand":[],"product_cat":[53],"product_tag":[],"class_list":{"0":"post-6688","1":"product","2":"type-product","3":"status-publish","4":"has-post-thumbnail","6":"product_cat-workshops","8":"first","9":"outofstock","10":"virtual","11":"taxable","12":"purchasable","13":"product-type-simple"},"_links":{"self":[{"href":"https:\/\/theboardbarcelona.com\/es\/wp-json\/wp\/v2\/product\/6688","targetHints":{"allow":["GET"]}}],"collection":[{"href":"https:\/\/theboardbarcelona.com\/es\/wp-json\/wp\/v2\/product"}],"about":[{"href":"https:\/\/theboardbarcelona.com\/es\/wp-json\/wp\/v2\/types\/product"}],"wp:featuredmedia":[{"embeddable":true,"href":"https:\/\/theboardbarcelona.com\/es\/wp-json\/wp\/v2\/media\/6689"}],"wp:attachment":[{"href":"https:\/\/theboardbarcelona.com\/es\/wp-json\/wp\/v2\/media?parent=6688"}],"wp:term":[{"taxonomy":"product_brand","embeddable":true,"href":"https:\/\/theboardbarcelona.com\/es\/wp-json\/wp\/v2\/product_brand?post=6688"},{"taxonomy":"product_cat","embeddable":true,"href":"https:\/\/theboardbarcelona.com\/es\/wp-json\/wp\/v2\/product_cat?post=6688"},{"taxonomy":"product_tag","embeddable":true,"href":"https:\/\/theboardbarcelona.com\/es\/wp-json\/wp\/v2\/product_tag?post=6688"}],"curies":[{"name":"wp","href":"https:\/\/api.w.org\/{rel}","templated":true}]}}