{"id":789,"date":"2022-11-05T09:54:17","date_gmt":"2022-11-05T09:54:17","guid":{"rendered":"https:\/\/theboardbarcelona.com\/?post_type=product&#038;p=789"},"modified":"2026-03-16T15:48:51","modified_gmt":"2026-03-16T14:48:51","slug":"palm-leaf","status":"publish","type":"product","link":"https:\/\/theboardbarcelona.com\/es\/producto\/palm-leaf\/","title":{"rendered":"Palm Leaf Board"},"content":{"rendered":"<ul>\n<li>O bien una <strong>una Tabla de Quesos y Embutidos de Hoja de Palma:<\/strong> \u00a1Nuestra Grazing Board est\u00e1ndar te impresionar\u00e1! Incluye 4 quesos, embutidos y rotaci\u00f3n estacional de frutas, nueces, aceitunas y m\u00e1s.<\/li>\n<li>O una<strong> Tabla de Quesos de Hoja de Palma:<\/strong> Esta tabla incluye m\u00e1s de los mismos 4 quesos y rotaci\u00f3n estacional de frutas, nueces, aceitunas y m\u00e1s.<\/li>\n<\/ul>\n<p>Como seleccionamos nuestros productos cada semana y algunos acompa\u00f1amientos son de temporada, pueden variar seg\u00fan disponibilidad. Esto aplica especialmente a las flores comestibles.<\/p>\n<p>Nuestras tablas se disfrutan mejor el mismo d\u00eda de la entrega. Para saborear los quesos en su punto \u00f3ptimo, ret\u00edralos del frigor\u00edfico una hora antes de servir.<\/p>","protected":false},"excerpt":{"rendered":"<p style=\"text-align: center;\" class=\"translation-block\"><p>Nuestra Tabla de Hoja de Palma es perfecta para reuniones \u00edntimas y tambi\u00e9n es un regalo ideal. Esta <strong>tabla premium artesanal exclusiva<\/strong> est\u00e1 compuesta por capas y capas de los <strong>mejores ingredientes<\/strong>, procedentes de <strong>productores locales<\/strong> y <strong>artesanos<\/strong>.<\/p><\/p>\n<p style=\"text-align: center;\" class=\"translation-block\"><p>Se sirve sobre una bandeja de hoja de palma <strong>reutilizable de 27x27\u00a0cm<\/strong> y viene envuelta cuidadosamente en un <strong>packaging premium<\/strong> con lazo.<\/p><\/p>\n<p style=\"text-align: center;\"><i>Peso aproximado:\u00a0<\/i>\u2248\u00a0<i>850g-950g<\/i><\/p>\n<p style=\"text-align: center;\">Dise\u00f1ada para <strong>4-6 personas<\/strong> como pica pica.<\/p>\n<p><img loading=\"lazy\" decoding=\"async\" class=\"aligncenter wp-image-9813\" src=\"https:\/\/theboardbarcelona.com\/wp-content\/uploads\/2025\/05\/TBB-Grazing-Icons-1.png\" alt=\"\" width=\"150\" height=\"50\" srcset=\"https:\/\/theboardbarcelona.com\/wp-content\/uploads\/2025\/05\/TBB-Grazing-Icons-1.png 300w, https:\/\/theboardbarcelona.com\/wp-content\/uploads\/2025\/05\/TBB-Grazing-Icons-1-18x6.png 18w\" sizes=\"auto, (max-width: 150px) 100vw, 150px\" \/><\/p>\n<p style=\"text-align: center;\"><strong><span style=\"text-decoration: underline;\">Elige Entre:<\/span><\/strong><\/p>\n<p style=\"text-align: center;\" class=\"translation-block\"><p><strong>Original<\/strong> (Quesos y Embutidos) o <strong>Vegetariana<\/strong><\/p><\/p>\n<h5 style=\"text-align: center;\"><em>Selecciona tu producto a continuaci\u00f3n para leer las descripciones espec\u00edficas.<\/em><\/h5>\n<p>&nbsp;<\/p>\n<p style=\"text-align: center;\">&#8211; &#8211; &#8211;<\/p>\n<p style=\"text-align: left;\"><span style=\"text-decoration: underline;\"><strong>Nuestra Palm Leaf Board Incluye:<\/strong><\/span><\/p>\n<p style=\"text-align: left;\" class=\"translation-block\">Una abundante selecci\u00f3n de <strong>uvas frescas<\/strong>, <strong>aceitunas <\/strong>sicilianas, <strong>fruta <\/strong> de temporada, <strong>almendras<\/strong>, <strong>nueces<\/strong> y <strong>flores comestibles <\/strong> de temporada, adem\u00e1s de:<br><br>\n\n<strong>Fermi\u00f3 La Balda<\/strong> Queso suave ecol\u00f3gico con corteza florida comestible, elaborado con leche cruda de vaca<\/em><\/p>\n<p style=\"text-align: left;\" class=\"translation-block\"><span class=\"OYPEnA font-feature-liga-off font-feature-clig-off font-feature-calt-off text-decoration-none text-strikethrough-none\"><strong>Garrotxa Bauma<\/strong> <em>Un<\/em><\/span><em><span class=\"OYPEnA font-feature-liga-off font-feature-clig-off font-feature-calt-off text-decoration-none text-strikethrough-none\"> queso madurado de cabra con toques a nuece, de textura cremosa pero compacta. <\/span><span class=\"OYPEnA font-feature-liga-off font-feature-clig-off font-feature-calt-off text-decoration-none text-strikethrough-none\">Medalla de oro, World Cheese Awards 2009<\/span><\/em><\/p>\n<p style=\"text-align: left;\"><span class=\"OYPEnA font-feature-liga-off font-feature-clig-off font-feature-calt-off text-decoration-none text-strikethrough-none\"><strong>Mimolette<\/strong> <\/span><em><span class=\"OYPEnA font-feature-liga-off font-feature-clig-off font-feature-calt-off text-decoration-none text-strikethrough-none\">Queso duro de leche de vaca, originario de Normand\u00eda. De sabor intenso y textura firme. <\/span><\/em><span class=\"OYPEnA font-feature-liga-off font-feature-clig-off font-feature-calt-off text-decoration-none text-strikethrough-none\"><em>Un queso s\u00faper premiado, incluyendo un S\u00faper Oro, dos Oros y tres Platas en los World Cheese Awards 2023, adem\u00e1s de premios en los Premios Alimentos de Espa\u00f1a<\/em><\/span><\/p>\n<p style=\"text-align: left;\"><span class=\"OYPEnA font-feature-liga-off font-feature-clig-off font-feature-calt-off text-decoration-none text-strikethrough-none\"><strong>Mas Farro<\/strong>\u00a0<\/span><em><span class=\"OYPEnA font-feature-liga-off font-feature-clig-off font-feature-calt-off text-decoration-none text-strikethrough-none\">Un queso tradicional catal\u00e1n elaborado en la Vall de Bianya, recuperado a finales del siglo pasado<br \/>\n<\/span><\/em><\/p>\n<p style=\"text-align: left;\">&#8212;<\/p>\n<p style=\"text-align: left;\" data-start=\"321\" data-end=\"475\" class=\"translation-block\">Selecci\u00f3n cuidadosamente curada de <strong>embutido europea excepcional<\/strong>, escogida por su tradici\u00f3n, su artesan\u00eda y la riqueza de sus sabores.<\/p>\n<p style=\"text-align: left;\" data-start=\"875\" data-end=\"1248\" class=\"translation-block\"><strong>Carrasco Salchich\u00f3n Ib\u00e9rico:<\/strong><em> Elaborado por la reconocida familia Carrasco, este salchich\u00f3n refleja generaciones de maestr\u00eda charcutera. Curado lentamente al aire en el clima de monta\u00f1a de Salamanca y condimentado simplemente con pimienta negra, ofrece una textura elegante y una profundidad arom\u00e1tica refinada.<\/em><\/p>","protected":false},"featured_media":11236,"template":"","meta":[],"product_brand":[],"product_cat":[96],"product_tag":[],"class_list":{"0":"post-789","1":"product","2":"type-product","3":"status-publish","4":"has-post-thumbnail","6":"product_cat-grazing-boards-2025","8":"first","9":"instock","10":"taxable","11":"shipping-taxable","12":"purchasable","13":"product-type-variable"},"_links":{"self":[{"href":"https:\/\/theboardbarcelona.com\/es\/wp-json\/wp\/v2\/product\/789","targetHints":{"allow":["GET"]}}],"collection":[{"href":"https:\/\/theboardbarcelona.com\/es\/wp-json\/wp\/v2\/product"}],"about":[{"href":"https:\/\/theboardbarcelona.com\/es\/wp-json\/wp\/v2\/types\/product"}],"wp:featuredmedia":[{"embeddable":true,"href":"https:\/\/theboardbarcelona.com\/es\/wp-json\/wp\/v2\/media\/11236"}],"wp:attachment":[{"href":"https:\/\/theboardbarcelona.com\/es\/wp-json\/wp\/v2\/media?parent=789"}],"wp:term":[{"taxonomy":"product_brand","embeddable":true,"href":"https:\/\/theboardbarcelona.com\/es\/wp-json\/wp\/v2\/product_brand?post=789"},{"taxonomy":"product_cat","embeddable":true,"href":"https:\/\/theboardbarcelona.com\/es\/wp-json\/wp\/v2\/product_cat?post=789"},{"taxonomy":"product_tag","embeddable":true,"href":"https:\/\/theboardbarcelona.com\/es\/wp-json\/wp\/v2\/product_tag?post=789"}],"curies":[{"name":"wp","href":"https:\/\/api.w.org\/{rel}","templated":true}]}}