{"id":9604,"date":"2025-05-14T18:28:09","date_gmt":"2025-05-14T16:28:09","guid":{"rendered":"https:\/\/theboardbarcelona.com\/?post_type=product&#038;p=9604"},"modified":"2025-05-15T08:18:49","modified_gmt":"2025-05-15T06:18:49","slug":"signature-salad-bowls","status":"publish","type":"product","link":"https:\/\/theboardbarcelona.com\/es\/producto\/signature-salad-bowls\/","title":{"rendered":"Nuestras Ensaladas de Autor"},"content":{"rendered":"<p data-start=\"77\" data-end=\"264\"><strong data-start=\"580\" data-end=\"613\">Roasted Delicata Pumpkin Bowl: <\/strong>Ensalada con base de espinacas frescas, aguacate, calabaza asada, queso feta, ar\u00e1ndanos rojos deshidratados y reducci\u00f3n de bals\u00e1mico y mostaza. Elige la prote\u00edna que prefieras para a\u00f1adir por encima, o disfr\u00fatala as\u00ed.<\/p>\n<p data-start=\"77\" data-end=\"264\"><strong data-start=\"736\" data-end=\"749\">Root Bowl: <\/strong>Ensalada con base de kale, acompa\u00f1ada de remolacha asada, burrata fresca, boniato, polvo de avellana y vinagreta de miel y mostaza. Elige la prote\u00edna que prefieras para a\u00f1adir por encima, o disfr\u00fatala as\u00ed.<\/p>\n<p data-start=\"432\" data-end=\"578\"><strong data-start=\"432\" data-end=\"448\">The Original Salad Bowl: <\/strong>Ensalada con base de kale, boniato asado, manzana c\u00edtrica, tomates cherry, polvo de avellana tostada y vinagreta de tahini y miel. Elige la prote\u00edna que prefieras para a\u00f1adir por encima, o disfr\u00fatala as\u00ed.<\/p>\n<p data-start=\"736\" data-end=\"872\"><strong data-start=\"77\" data-end=\"110\">Roasted Eggplant Lentil Bowl: <\/strong>Ensalada con base de espinacas frescas, lentejas, berenjena asada, tomates cherry, ar\u00e1ndanos rojos deshidratados y queso feta. Ali\u00f1ada con vinagreta de mostaza y lim\u00f3n. Elige la prote\u00edna que prefieras para a\u00f1adir por encima, o disfr\u00fatala as\u00ed.<\/p>","protected":false},"excerpt":{"rendered":"<p data-start=\"77\" data-end=\"264\"><strong data-start=\"580\" data-end=\"613\">Roasted Delicata Pumpkin Bowl: <\/strong>Ensalada con base de espinacas frescas, aguacate, calabaza asada, queso feta, ar\u00e1ndanos rojos deshidratados y reducci\u00f3n de bals\u00e1mico y mostaza. Elige la prote\u00edna que prefieras para a\u00f1adir por encima, o disfr\u00fatala as\u00ed.<\/p>\n<p data-start=\"77\" data-end=\"264\"><strong data-start=\"736\" data-end=\"749\">Root Bowl: <\/strong>Ensalada con base de kale, acompa\u00f1ada de remolacha asada, burrata fresca, boniato, polvo de avellana y vinagreta de miel y mostaza. Elige la prote\u00edna que prefieras para a\u00f1adir por encima, o disfr\u00fatala as\u00ed.<\/p>\n<p data-start=\"432\" data-end=\"578\"><strong data-start=\"432\" data-end=\"448\">The Original Salad Bowl: <\/strong>Ensalada con base de kale, boniato asado, manzana c\u00edtrica, tomates cherry, polvo de avellana tostada y vinagreta de tahini y miel. Elige la prote\u00edna que prefieras para a\u00f1adir por encima, o disfr\u00fatala as\u00ed.<\/p>\n<p data-start=\"736\" data-end=\"872\"><strong data-start=\"77\" data-end=\"110\">Roasted Eggplant Lentil Bowl: <\/strong>Ensalada con base de espinacas frescas, lentejas, berenjena asada, tomates cherry, ar\u00e1ndanos rojos deshidratados y queso feta. Ali\u00f1ada con vinagreta de mostaza y lim\u00f3n. Elige la prote\u00edna que prefieras para a\u00f1adir por encima, o disfr\u00fatala as\u00ed.<\/p>","protected":false},"featured_media":8123,"template":"","meta":[],"product_brand":[],"product_cat":[95],"product_tag":[],"class_list":{"0":"post-9604","1":"product","2":"type-product","3":"status-publish","4":"has-post-thumbnail","6":"product_cat-signature-salad-bowls","8":"first","9":"instock","10":"taxable","11":"shipping-taxable","12":"purchasable","13":"product-type-variable"},"_links":{"self":[{"href":"https:\/\/theboardbarcelona.com\/es\/wp-json\/wp\/v2\/product\/9604","targetHints":{"allow":["GET"]}}],"collection":[{"href":"https:\/\/theboardbarcelona.com\/es\/wp-json\/wp\/v2\/product"}],"about":[{"href":"https:\/\/theboardbarcelona.com\/es\/wp-json\/wp\/v2\/types\/product"}],"wp:featuredmedia":[{"embeddable":true,"href":"https:\/\/theboardbarcelona.com\/es\/wp-json\/wp\/v2\/media\/8123"}],"wp:attachment":[{"href":"https:\/\/theboardbarcelona.com\/es\/wp-json\/wp\/v2\/media?parent=9604"}],"wp:term":[{"taxonomy":"product_brand","embeddable":true,"href":"https:\/\/theboardbarcelona.com\/es\/wp-json\/wp\/v2\/product_brand?post=9604"},{"taxonomy":"product_cat","embeddable":true,"href":"https:\/\/theboardbarcelona.com\/es\/wp-json\/wp\/v2\/product_cat?post=9604"},{"taxonomy":"product_tag","embeddable":true,"href":"https:\/\/theboardbarcelona.com\/es\/wp-json\/wp\/v2\/product_tag?post=9604"}],"curies":[{"name":"wp","href":"https:\/\/api.w.org\/{rel}","templated":true}]}}