{"id":9862,"date":"2025-05-19T19:55:30","date_gmt":"2025-05-19T17:55:30","guid":{"rendered":"https:\/\/theboardbarcelona.com\/?post_type=product&#038;p=9862"},"modified":"2026-03-16T16:12:50","modified_gmt":"2026-03-16T15:12:50","slug":"large-crudites-hummus-board","status":"publish","type":"product","link":"https:\/\/theboardbarcelona.com\/es\/producto\/large-crudites-hummus-board\/","title":{"rendered":"Large Crudit\u00e9s &#038; Hummus Board"},"content":{"rendered":"<p>Verduras crujientes y coloridas, cremosos dips, guarnici\u00f3n gourmet... \u00a1Nuestro Crudit\u00e9s &amp; Hummus Grazing Board es la tabla perfecta que aporta variedad y frescura a cualquier evento!<\/p>","protected":false},"excerpt":{"rendered":"<p style=\"text-align: center;\" class=\"translation-block\"><p><strong>Verduras crujientes y coloridas<\/strong>, salsas cremosas, y guarnici\u00f3n gourmet... nuestra Tabla de Crudit\u00e9s con Hummus es la opci\u00f3n perfecta para aportar <strong>variedad y frescura a cualquier reuni\u00f3n<\/strong>.<\/p><\/p>\n<p style=\"text-align: center;\" class=\"translation-block\"><p>Esta tabla incluye una selecci\u00f3n colorida y deliciosa de verduras de <strong>mercados locales de Barcelona<\/strong>, presentadas sobre una tabla de madera de mango <strong>reutilizable de 53x32\u00a0cm<\/strong>. Se sirve acompa\u00f1ada de hummus, aderezado con especias y un chorrito de aceite de oliva virgen.<\/p><\/p>\n<p style=\"text-align: center;\">Dise\u00f1ada para <strong>25<\/strong><strong>-35 personas, <\/strong>o hasta 40 cuando se combine con otros platos<\/p>\n<p><img loading=\"lazy\" decoding=\"async\" class=\"aligncenter wp-image-9813\" src=\"https:\/\/theboardbarcelona.com\/wp-content\/uploads\/2025\/05\/TBB-Grazing-Icons-1.png\" alt=\"\" width=\"150\" height=\"50\" srcset=\"https:\/\/theboardbarcelona.com\/wp-content\/uploads\/2025\/05\/TBB-Grazing-Icons-1.png 300w, https:\/\/theboardbarcelona.com\/wp-content\/uploads\/2025\/05\/TBB-Grazing-Icons-1-18x6.png 18w\" sizes=\"auto, (max-width: 150px) 100vw, 150px\" \/><\/p>","protected":false},"featured_media":7334,"template":"","meta":[],"product_brand":[],"product_cat":[58,96],"product_tag":[],"class_list":{"0":"post-9862","1":"product","2":"type-product","3":"status-publish","4":"has-post-thumbnail","6":"product_cat-crudites-hummus-board","7":"product_cat-grazing-boards-2025","9":"first","10":"instock","11":"taxable","12":"shipping-taxable","13":"purchasable","14":"product-type-simple"},"_links":{"self":[{"href":"https:\/\/theboardbarcelona.com\/es\/wp-json\/wp\/v2\/product\/9862","targetHints":{"allow":["GET"]}}],"collection":[{"href":"https:\/\/theboardbarcelona.com\/es\/wp-json\/wp\/v2\/product"}],"about":[{"href":"https:\/\/theboardbarcelona.com\/es\/wp-json\/wp\/v2\/types\/product"}],"wp:featuredmedia":[{"embeddable":true,"href":"https:\/\/theboardbarcelona.com\/es\/wp-json\/wp\/v2\/media\/7334"}],"wp:attachment":[{"href":"https:\/\/theboardbarcelona.com\/es\/wp-json\/wp\/v2\/media?parent=9862"}],"wp:term":[{"taxonomy":"product_brand","embeddable":true,"href":"https:\/\/theboardbarcelona.com\/es\/wp-json\/wp\/v2\/product_brand?post=9862"},{"taxonomy":"product_cat","embeddable":true,"href":"https:\/\/theboardbarcelona.com\/es\/wp-json\/wp\/v2\/product_cat?post=9862"},{"taxonomy":"product_tag","embeddable":true,"href":"https:\/\/theboardbarcelona.com\/es\/wp-json\/wp\/v2\/product_tag?post=9862"}],"curies":[{"name":"wp","href":"https:\/\/api.w.org\/{rel}","templated":true}]}}